{"id":4094,"date":"2020-02-05T15:11:07","date_gmt":"2020-02-05T14:11:07","guid":{"rendered":"http:\/\/www.pastificiostroppa.it\/?page_id=4094"},"modified":"2020-12-21T12:52:59","modified_gmt":"2020-12-21T11:52:59","slug":"ambient","status":"publish","type":"page","link":"https:\/\/www.pastificiostroppa.it\/fr\/gamme-de-produits\/ambient\/","title":{"rendered":"Ambient"},"content":{"rendered":"<div class=\"wpb-content-wrapper\"><p>[vc_row][vc_column][tbay_title_heading title=&#8221;Ambient&#8221; descript=&#8221;Pastificio Stroppa&#8221; align=&#8221;center&#8221;][\/vc_column][\/vc_row][vc_row][vc_column width=&#8221;1\/2&#8243;][vc_single_image image=&#8221;4651&#8243; img_size=&#8221;full&#8221; css_animation=&#8221;fadeInLeft&#8221;][\/vc_column][vc_column width=&#8221;1\/2&#8243;][vc_column_text]<\/p>\n<blockquote><p>Des p\u00e2tes fraiches longue conservation que vous pouvez garder dans votre garde-manger jusqu\u2019\u00e0 12 mois.<\/p><\/blockquote>\n<p>[\/vc_column_text][vc_tta_tour][vc_tta_section title=&#8221;Gnocchi di patate ambient&#8221; tab_id=&#8221;1522688601935-8951f683-a5b2&#8243;][vc_column_text]Souples et nourissantes, ces p\u00e2tes sont parfaites pour tout condiment; des p\u00e2tes longue conservation que vous pouvez garder dans votre garde-manger jusqu\u2019\u00e0 12 mois.[\/vc_column_text][vc_single_image image=&#8221;5690&#8243; img_size=&#8221;full&#8221; css_animation=&#8221;top-to-bottom&#8221;][\/vc_tta_section][vc_tta_section title=&#8221;Gnocchetti di patate ambient&#8221; tab_id=&#8221;1600952089394-2bec88f4-5461&#8243;][vc_column_text]Ils sont parfaits pour des plats simples et rapides pour vos enfants. Vous pouvez les garder hors du frigidaire pour 12 mois sans entamer leur fra\u00eecheur.[\/vc_column_text][vc_single_image image=&#8221;5694&#8243; img_size=&#8221;full&#8221; css_animation=&#8221;top-to-bottom&#8221;][\/vc_tta_section][vc_tta_section title=&#8221;Gnocchi di riso ambient&#8221; tab_id=&#8221;1584694287908-9ea2e4cf-20cc&#8221;][vc_column_text]Une entr\u00e9e d\u00e9licieuse, l\u00e9g\u00e8re et d\u00e9licate, vous pouvez garder les gnocchi ambient dans votre garde-manger jusqu&#8217;\u00e0 12 mois.[\/vc_column_text][vc_single_image image=&#8221;5699&#8243; img_size=&#8221;full&#8221; css_animation=&#8221;top-to-bottom&#8221;][\/vc_tta_section][\/vc_tta_tour][\/vc_column][\/vc_row]<\/p>\n<\/div>","protected":false},"excerpt":{"rendered":"<p>[vc_row][vc_column][tbay_title_heading title=&#8221;Ambient&#8221; descript=&#8221;Pastificio Stroppa&#8221; align=&#8221;center&#8221;][\/vc_column][\/vc_row][vc_row][vc_column width=&#8221;1\/2&#8243;][vc_single_image image=&#8221;4651&#8243; img_size=&#8221;full&#8221; css_animation=&#8221;fadeInLeft&#8221;][\/vc_column][vc_column width=&#8221;1\/2&#8243;][vc_column_text] Des p\u00e2tes fraiches longue conservation que vous pouvez garder dans votre garde-manger jusqu\u2019\u00e0 12 mois. [\/vc_column_text][vc_tta_tour][vc_tta_section title=&#8221;Gnocchi di patate ambient&#8221; tab_id=&#8221;1522688601935-8951f683-a5b2&#8243;][vc_column_text]Souples et nourissantes, ces p\u00e2tes sont parfaites pour tout condiment; des p\u00e2tes longue conservation que vous pouvez garder dans votre garde-manger jusqu\u2019\u00e0 12 mois.[\/vc_column_text][vc_single_image image=&#8221;5690&#8243; &hellip; <a href=\"https:\/\/www.pastificiostroppa.it\/fr\/gamme-de-produits\/ambient\/\" class=\"more-link\">Continue reading <span class=\"screen-reader-text\">Ambient<\/span><\/a><\/p>\n","protected":false},"author":1,"featured_media":0,"parent":2813,"menu_order":0,"comment_status":"closed","ping_status":"closed","template":"","meta":{"footnotes":""},"class_list":["post-4094","page","type-page","status-publish","hentry"],"aioseo_notices":[],"_links":{"self":[{"href":"https:\/\/www.pastificiostroppa.it\/fr\/wp-json\/wp\/v2\/pages\/4094","targetHints":{"allow":["GET"]}}],"collection":[{"href":"https:\/\/www.pastificiostroppa.it\/fr\/wp-json\/wp\/v2\/pages"}],"about":[{"href":"https:\/\/www.pastificiostroppa.it\/fr\/wp-json\/wp\/v2\/types\/page"}],"author":[{"embeddable":true,"href":"https:\/\/www.pastificiostroppa.it\/fr\/wp-json\/wp\/v2\/users\/1"}],"replies":[{"embeddable":true,"href":"https:\/\/www.pastificiostroppa.it\/fr\/wp-json\/wp\/v2\/comments?post=4094"}],"version-history":[{"count":6,"href":"https:\/\/www.pastificiostroppa.it\/fr\/wp-json\/wp\/v2\/pages\/4094\/revisions"}],"predecessor-version":[{"id":5702,"href":"https:\/\/www.pastificiostroppa.it\/fr\/wp-json\/wp\/v2\/pages\/4094\/revisions\/5702"}],"up":[{"embeddable":true,"href":"https:\/\/www.pastificiostroppa.it\/fr\/wp-json\/wp\/v2\/pages\/2813"}],"wp:attachment":[{"href":"https:\/\/www.pastificiostroppa.it\/fr\/wp-json\/wp\/v2\/media?parent=4094"}],"curies":[{"name":"wp","href":"https:\/\/api.w.org\/{rel}","templated":true}]}}