{"id":2997,"date":"2016-01-16T05:16:48","date_gmt":"2016-01-16T05:16:48","guid":{"rendered":"http:\/\/www.pastificiostroppa.it\/fr\/home\/"},"modified":"2020-12-22T18:45:39","modified_gmt":"2020-12-22T17:45:39","slug":"home-2","status":"publish","type":"page","link":"https:\/\/www.pastificiostroppa.it\/fr\/","title":{"rendered":"Home"},"content":{"rendered":"<div class=\"wpb-content-wrapper\"><p>[vc_row full_width=&#8221;stretch_row&#8221; isfullwidth=&#8221;0&#8243; el_class=&#8221;position-img&#8221; css=&#8221;.vc_custom_1551951384650{margin-top: 30px !important;margin-bottom: 60px !important;}&#8221;][vc_column][rev_slider_vc alias=&#8221;banner-francese&#8221;][\/vc_column][\/vc_row][vc_row css_animation=&#8221;fadeInUp&#8221;][vc_column css_animation=&#8221;fadeInUp&#8221; width=&#8221;1\/4&#8243; css=&#8221;.vc_custom_1512654077911{margin-top: 0px !important;}&#8221;][vc_single_image image=&#8221;4242&#8243; img_size=&#8221;full&#8221; onclick=&#8221;custom_link&#8221; link=&#8221;http:\/\/www.pastificiostroppa.it\/linea-prodotti\/gnocchi\/&#8221;][vc_column_text]<\/p>\n<h5>Gnocchi<\/h5>\n<p>Peu d\u2019ingr\u00e9dients et simples pour un des produits italiens traditionnels.[\/vc_column_text][vc_single_image image=&#8221;4243&#8243; img_size=&#8221;full&#8221; onclick=&#8221;custom_link&#8221; link=&#8221;http:\/\/www.pastificiostroppa.it\/linea-prodotti\/gnocchi-ripieni\/&#8221;][vc_column_text]<\/p>\n<h5>Gnocchi Ripieni<\/h5>\n<p>Savoureux, nourrissants, app\u00e9tissants : une rencontre de saveurs intenses.[\/vc_column_text][\/vc_column][vc_column css_animation=&#8221;fadeInUp&#8221; width=&#8221;1\/4&#8243;][vc_single_image image=&#8221;4245&#8243; img_size=&#8221;full&#8221; onclick=&#8221;custom_link&#8221; link=&#8221;http:\/\/www.pastificiostroppa.it\/linea-prodotti\/pasta-fresca\/&#8221;][vc_column_text]<\/p>\n<h5><strong>Pasta Fresca<\/strong><\/h5>\n<p>Un plat classique de la cuisine italienne disponible en plusieurs formats.[\/vc_column_text][vc_single_image image=&#8221;4675&#8243; img_size=&#8221;full&#8221; onclick=&#8221;custom_link&#8221; link=&#8221;http:\/\/www.pastificiostroppa.it\/linea-prodotti\/pasta-fresca\/&#8221;][vc_column_text]<\/p>\n<h5><strong>Pasta Fresca all&#8217;Uovo<\/strong><\/h5>\n<p>Un p\u00e9trissage d\u2019ingr\u00e9dients simples et nourrissants, comme des p\u00e2tes maison.[\/vc_column_text][\/vc_column][vc_column css_animation=&#8221;fadeInUp&#8221; width=&#8221;1\/4&#8243;][vc_single_image image=&#8221;4247&#8243; img_size=&#8221;full&#8221; onclick=&#8221;custom_link&#8221; link=&#8221;http:\/\/www.pastificiostroppa.it\/linea-prodotti\/pasta-ripiena\/&#8221;][vc_column_text]<\/p>\n<h5>Pasta Ripiena<\/h5>\n<p>Un d\u00e9licieux \u00e9quilibre de saveurs qui rendent excellentes les farces.[\/vc_column_text][vc_single_image image=&#8221;4256&#8243; img_size=&#8221;full&#8221; onclick=&#8221;custom_link&#8221; link=&#8221;http:\/\/www.pastificiostroppa.it\/linea-prodotti\/ambient&#8221;][vc_column_text]<\/p>\n<h5>Ambient<\/h5>\n<p>Des p\u00e2tes fraiches longue conservation que vous pouvez garder dans votre garde-manger jusqu\u2019\u00e0 12 mois.[\/vc_column_text][\/vc_column][vc_column width=&#8221;1\/4&#8243;][vc_single_image image=&#8221;4244&#8243; img_size=&#8221;full&#8221; onclick=&#8221;custom_link&#8221; link=&#8221;http:\/\/www.pastificiostroppa.it\/linea-prodotti\/gluten-free\/&#8221;][vc_column_text]<\/p>\n<h5>Gluten Free<\/h5>\n<p>D\u2019excellents produits sans gluten pour ceux qui ne veulent pas renoncer au go\u00fbt.[\/vc_column_text][\/vc_column][\/vc_row][vc_row css=&#8221;.vc_custom_1584365186775{padding-top: 10px !important;padding-bottom: 10px !important;}&#8221;][vc_column][vc_separator color=&#8221;orange&#8221; style=&#8221;shadow&#8221; border_width=&#8221;4&#8243; css=&#8221;.vc_custom_1584365256060{padding-top: 20px !important;padding-bottom: 20px !important;}&#8221;][\/vc_column][\/vc_row][vc_row][vc_column width=&#8221;1\/4&#8243;][tbay_title_heading title=&#8221;Chaque pi\u00e8ce est cr\u00e9\u00e9e avec soin et passion.&#8221; align=&#8221;center&#8221; font_color=&#8221;#faa147&#8243;][vc_column_text]Nous portons nos produits dans toutes les maisons europ\u00e9ennes pour que la <strong>magie de concepts<\/strong> comme <strong>famille<\/strong>,<strong> bonne cuisine<\/strong> et <strong>plaisirs de la table<\/strong> puissent revivre.[\/vc_column_text][vc_single_image image=&#8221;4458&#8243;][\/vc_column][vc_column width=&#8221;1\/4&#8243;][\/vc_column][vc_column width=&#8221;1\/2&#8243;][tbay_title_heading title=&#8221;Pourquoi nous?&#8221; align=&#8221;left&#8221; font_color=&#8221;#faa147&#8243;][vc_column_text]<\/p>\n<h4 class=\"ourservice-heading\">Mati\u00e8res premi\u00e8res s\u00e9lectionn\u00e9es<\/h4>\n<p class=\"description\">Nous ne choisissons que des produits de qualit\u00e9 excellente pour pr\u00e9parer nos produits.<\/p>\n<h4 class=\"ourservice-heading\">Produits certifi\u00e9s<\/h4>\n<p class=\"description\">Nous avons obtenu les certifications qui attestent la provenance de nos ingr\u00e9dients et la s\u00fbret\u00e9 de nos espaces.<\/p>\n<h4 class=\"ourservice-heading\">100% qualit\u00e9 italienne<\/h4>\n<p class=\"description\">Nous offrons les produits les meilleurs de la cuisine traditionnelle italienne.<\/p>\n<p>[\/vc_column_text][\/vc_column][\/vc_row][vc_row css=&#8221;.vc_custom_1584365186775{padding-top: 10px !important;padding-bottom: 10px !important;}&#8221;][vc_column][vc_separator color=&#8221;orange&#8221; style=&#8221;shadow&#8221; border_width=&#8221;4&#8243; css=&#8221;.vc_custom_1584365256060{padding-top: 20px !important;padding-bottom: 20px !important;}&#8221;][\/vc_column][\/vc_row][vc_row full_width=&#8221;stretch_row&#8221; css=&#8221;.vc_custom_1523018577755{background-color: #fcfcfc !important;}&#8221;][vc_column css_animation=&#8221;fadeInUp&#8221;][tbay_title_heading title=&#8221;\u00c0 Propos De Nous&#8221; descript=&#8221;Les avis de nos clients&#8221; style=&#8221;style2&#8243; align=&#8221;center&#8221; buttons=&#8221;btn-default btn-outline&#8221; buttons2=&#8221;btn-default btn-outline&#8221;][vc_row_inner][vc_column_inner width=&#8221;4\/12&#8243;][vc_single_image image=&#8221;2888&#8243; img_size=&#8221;full&#8221; alignment=&#8221;center&#8221; el_class=&#8221;no-hover&#8221;][vc_column_text]<em>La famille Stroppa cr\u00e9e des produits 100% italiens depuis 1968.<\/em>[\/vc_column_text][\/vc_column_inner][vc_column_inner width=&#8221;8\/12&#8243;][tbay_testimonials number=&#8221;6&#8243; columns=&#8221;2&#8243; rows=&#8221;2&#8243; align=&#8221;left&#8221; nav_type=&#8221;yes&#8221; pagi_type=&#8221;yes&#8221; responsive_type=&#8221;yes&#8221; screen_desktop=&#8221;2&#8243; screen_desktopsmall=&#8221;2&#8243; screen_tablet=&#8221;1&#8243; style=&#8221;v2&#8243;][\/vc_column_inner][\/vc_row_inner][\/vc_column][\/vc_row][vc_row][vc_column][vc_images_carousel images=&#8221;2751,2752,2753,2754,2755,2756&#8243; img_size=&#8221;full&#8221; onclick=&#8221;custom_link&#8221; speed=&#8221;1000&#8243; slides_per_view=&#8221;3&#8243; autoplay=&#8221;yes&#8221; wrap=&#8221;yes&#8221; custom_links=&#8221;#E-8_aHR0cCUzQSUyRiUyRnd3dy5zdHJvcHBhYmlvLml0JTJGY2VydGlmaWNhemlvbmklMkY=&#8221; css=&#8221;.vc_custom_1584368056532{padding-top: 20px !important;padding-bottom: -10px !important;}&#8221;][\/vc_column][\/vc_row]<\/p>\n<\/div>","protected":false},"excerpt":{"rendered":"<p>[vc_row full_width=&#8221;stretch_row&#8221; isfullwidth=&#8221;0&#8243; el_class=&#8221;position-img&#8221; css=&#8221;.vc_custom_1551951384650{margin-top: 30px !important;margin-bottom: 60px !important;}&#8221;][vc_column][rev_slider_vc alias=&#8221;banner-francese&#8221;][\/vc_column][\/vc_row][vc_row css_animation=&#8221;fadeInUp&#8221;][vc_column css_animation=&#8221;fadeInUp&#8221; width=&#8221;1\/4&#8243; css=&#8221;.vc_custom_1512654077911{margin-top: 0px !important;}&#8221;][vc_single_image image=&#8221;4242&#8243; img_size=&#8221;full&#8221; onclick=&#8221;custom_link&#8221; link=&#8221;http:\/\/www.pastificiostroppa.it\/linea-prodotti\/gnocchi\/&#8221;][vc_column_text] Gnocchi Peu d\u2019ingr\u00e9dients et simples pour un des produits italiens traditionnels.[\/vc_column_text][vc_single_image image=&#8221;4243&#8243; img_size=&#8221;full&#8221; onclick=&#8221;custom_link&#8221; link=&#8221;http:\/\/www.pastificiostroppa.it\/linea-prodotti\/gnocchi-ripieni\/&#8221;][vc_column_text] Gnocchi Ripieni Savoureux, nourrissants, app\u00e9tissants : une rencontre de saveurs intenses.[\/vc_column_text][\/vc_column][vc_column css_animation=&#8221;fadeInUp&#8221; width=&#8221;1\/4&#8243;][vc_single_image image=&#8221;4245&#8243; img_size=&#8221;full&#8221; onclick=&#8221;custom_link&#8221; link=&#8221;http:\/\/www.pastificiostroppa.it\/linea-prodotti\/pasta-fresca\/&#8221;][vc_column_text] Pasta Fresca Un &hellip; <a href=\"https:\/\/www.pastificiostroppa.it\/fr\/\" class=\"more-link\">Continue reading <span class=\"screen-reader-text\">Home<\/span><\/a><\/p>\n","protected":false},"author":1,"featured_media":0,"parent":0,"menu_order":0,"comment_status":"closed","ping_status":"closed","template":"","meta":{"footnotes":""},"class_list":["post-2997","page","type-page","status-publish","hentry"],"aioseo_notices":[],"_links":{"self":[{"href":"https:\/\/www.pastificiostroppa.it\/fr\/wp-json\/wp\/v2\/pages\/2997","targetHints":{"allow":["GET"]}}],"collection":[{"href":"https:\/\/www.pastificiostroppa.it\/fr\/wp-json\/wp\/v2\/pages"}],"about":[{"href":"https:\/\/www.pastificiostroppa.it\/fr\/wp-json\/wp\/v2\/types\/page"}],"author":[{"embeddable":true,"href":"https:\/\/www.pastificiostroppa.it\/fr\/wp-json\/wp\/v2\/users\/1"}],"replies":[{"embeddable":true,"href":"https:\/\/www.pastificiostroppa.it\/fr\/wp-json\/wp\/v2\/comments?post=2997"}],"version-history":[{"count":71,"href":"https:\/\/www.pastificiostroppa.it\/fr\/wp-json\/wp\/v2\/pages\/2997\/revisions"}],"predecessor-version":[{"id":5866,"href":"https:\/\/www.pastificiostroppa.it\/fr\/wp-json\/wp\/v2\/pages\/2997\/revisions\/5866"}],"wp:attachment":[{"href":"https:\/\/www.pastificiostroppa.it\/fr\/wp-json\/wp\/v2\/media?parent=2997"}],"curies":[{"name":"wp","href":"https:\/\/api.w.org\/{rel}","templated":true}]}}