{"id":2875,"date":"2018-03-26T17:05:31","date_gmt":"2018-03-26T15:05:31","guid":{"rendered":"http:\/\/www.pastificiostroppa.it\/fr\/?page_id=2875"},"modified":"2020-04-08T12:08:05","modified_gmt":"2020-04-08T10:08:05","slug":"qui-sommes-nous","status":"publish","type":"page","link":"https:\/\/www.pastificiostroppa.it\/fr\/qui-sommes-nous\/","title":{"rendered":"Qui sommes-nous"},"content":{"rendered":"<div class=\"wpb-content-wrapper\"><p>[vc_row][vc_column width=&#8221;1\/2&#8243;][vc_column_text]<\/p>\n<h4><span style=\"color: #faa147;\">Avec l&#8217;envie de produire des p\u00e2tes et des produits de qualit\u00e9 garantie par 3 g\u00e9n\u00e9rations au moins jusqu&#8217;\u00e0 maintenant. <\/span><\/h4>\n<p>[\/vc_column_text][vc_single_image image=&#8221;4927&#8243; img_size=&#8221;full&#8221;][\/vc_column][vc_column width=&#8221;1\/2&#8243;][vc_text_separator title=&#8221;1968&#8243;][vc_column_text]Du d\u00e9sir d&#8217;un p\u00e8re et de son fils de cr\u00e9er d&#8217;une mani\u00e8re artisanale des p\u00e2tes fra\u00eeches et des gnocchi d&#8217;une qualit\u00e9 sup\u00e9rieure est n\u00e9 Pastificio Stroppa en 1968. Des produits s\u00e9l\u00e9ctionn\u00e9s et cr\u00e9\u00e9s ad hoc par les mains habiles des fabricants de p\u00e2tes alimentaires avec une conservation limit\u00e9e et une vente au d\u00e9tail avec exclusivit\u00e9 \u00e0 des points de Milan.[\/vc_column_text][vc_text_separator title=&#8221;1980&#8243;][vc_column_text]1980, l&#8217;ann\u00e9e o\u00f9 le fondateur laisse : les r\u00eanes de l&#8217;entreprise passent \u00e0 son fils Angelo, encore \u00e0 pr\u00e9sent Administrateur. En outre, de nouvelles m\u00e9thodes de conservation et le d\u00e9veloppement industriel permettent \u00e0 Pastificio Stroppa d&#8217;enrichir la gamme de ses produits.[\/vc_column_text][vc_separator][vc_column_text]Une autre passation de pouvoirs d&#8217;Angelo \u00e0 ses enfants Elisabetta, Annarita et Maurizio qui, tout en poursuivant la tradition, prennent en charge l&#8217;entreprise et, tout en confirmant sans cesse l&#8217;attention pour les mati\u00e8res primi\u00e8res, transforment l&#8217;activit\u00e9 de Pastificio Stroppa en un point de r\u00e9f\u00e9rence europ\u00e9en pour la production de la tradition italienne.[\/vc_column_text][vc_text_separator title=&#8221;2002&#8243;][vc_column_text]En 2002 Pastificio Stroppa obtient la certification pour la production de produits biologiques, ce qui lui vaut de nouveaux clients italiens et internationaux.[\/vc_column_text][vc_text_separator title=&#8221;2013&#8243;][vc_column_text]2013, l&#8217;ann\u00e9e du changement : le nouveau si\u00e8ge permet de servir avec une relation excellente entre qualit\u00e9 et prix les grandes r\u00e9ceptions, les cantines des entreprises, les services de restoration sanitaires et des \u00e9coles, les points Cash &amp; Carry et de la GDO par sa propre marque et par d&#8217;autres marques de distributeur.[\/vc_column_text][vc_text_separator title=&#8221;2020&#8243;][vc_column_text]Pastificio Stroppa renouvelle son image : deux nouveaux portails web, l&#8217;un d\u00e9di\u00e9 \u00e0 la gamme biologique et l&#8217;autre exclusif d\u00e9di\u00e9 \u00e0 l&#8217;identit\u00e9 institutionnelle, qui transmettent le message fort de renouvellement continu et d&#8217;attention aux exigences de ses clients que l&#8217;entreprise veut r\u00e9pandre.[\/vc_column_text][\/vc_column][\/vc_row][vc_row][vc_column][vc_column_text][\/vc_column_text][\/vc_column][\/vc_row]<\/p>\n<\/div>","protected":false},"excerpt":{"rendered":"<p>[vc_row][vc_column width=&#8221;1\/2&#8243;][vc_column_text] Avec l&#8217;envie de produire des p\u00e2tes et des produits de qualit\u00e9 garantie par 3 g\u00e9n\u00e9rations au moins jusqu&#8217;\u00e0 maintenant. [\/vc_column_text][vc_single_image image=&#8221;4927&#8243; img_size=&#8221;full&#8221;][\/vc_column][vc_column width=&#8221;1\/2&#8243;][vc_text_separator title=&#8221;1968&#8243;][vc_column_text]Du d\u00e9sir d&#8217;un p\u00e8re et de son fils de cr\u00e9er d&#8217;une mani\u00e8re artisanale des p\u00e2tes fra\u00eeches et des gnocchi d&#8217;une qualit\u00e9 sup\u00e9rieure est n\u00e9 Pastificio Stroppa en 1968. Des produits &hellip; <a href=\"https:\/\/www.pastificiostroppa.it\/fr\/qui-sommes-nous\/\" class=\"more-link\">Continue reading <span class=\"screen-reader-text\">Qui sommes-nous<\/span><\/a><\/p>\n","protected":false},"author":1,"featured_media":0,"parent":0,"menu_order":1,"comment_status":"closed","ping_status":"closed","template":"","meta":{"footnotes":""},"class_list":["post-2875","page","type-page","status-publish","hentry"],"aioseo_notices":[],"_links":{"self":[{"href":"https:\/\/www.pastificiostroppa.it\/fr\/wp-json\/wp\/v2\/pages\/2875","targetHints":{"allow":["GET"]}}],"collection":[{"href":"https:\/\/www.pastificiostroppa.it\/fr\/wp-json\/wp\/v2\/pages"}],"about":[{"href":"https:\/\/www.pastificiostroppa.it\/fr\/wp-json\/wp\/v2\/types\/page"}],"author":[{"embeddable":true,"href":"https:\/\/www.pastificiostroppa.it\/fr\/wp-json\/wp\/v2\/users\/1"}],"replies":[{"embeddable":true,"href":"https:\/\/www.pastificiostroppa.it\/fr\/wp-json\/wp\/v2\/comments?post=2875"}],"version-history":[{"count":5,"href":"https:\/\/www.pastificiostroppa.it\/fr\/wp-json\/wp\/v2\/pages\/2875\/revisions"}],"predecessor-version":[{"id":4928,"href":"https:\/\/www.pastificiostroppa.it\/fr\/wp-json\/wp\/v2\/pages\/2875\/revisions\/4928"}],"wp:attachment":[{"href":"https:\/\/www.pastificiostroppa.it\/fr\/wp-json\/wp\/v2\/media?parent=2875"}],"curies":[{"name":"wp","href":"https:\/\/api.w.org\/{rel}","templated":true}]}}