{"id":2849,"date":"2018-04-06T16:30:03","date_gmt":"2018-04-06T14:30:03","guid":{"rendered":"http:\/\/www.pastificiostroppa.it\/fr\/?page_id=2849"},"modified":"2020-12-21T11:51:15","modified_gmt":"2020-12-21T10:51:15","slug":"pasta-ripiena","status":"publish","type":"page","link":"https:\/\/www.pastificiostroppa.it\/fr\/gamme-de-produits\/pasta-ripiena\/","title":{"rendered":"Pasta ripiena"},"content":{"rendered":"<div class=\"wpb-content-wrapper\"><p>[vc_row][vc_column][tbay_title_heading title=&#8221;Pasta ripiena&#8221; descript=&#8221;Pastificio Stroppa&#8221; align=&#8221;center&#8221;][\/vc_column][\/vc_row][vc_row][vc_column width=&#8221;1\/2&#8243;][vc_single_image image=&#8221;4641&#8243; img_size=&#8221;full&#8221; css_animation=&#8221;fadeInLeft&#8221;][\/vc_column][vc_column width=&#8221;1\/2&#8243;][vc_column_text]<\/p>\n<blockquote><p>Un d\u00e9licieux \u00e9quilibre de saveurs qui rendent excellentes les farces.<\/p><\/blockquote>\n<p>[\/vc_column_text][vc_tta_tour][vc_tta_section title=&#8221;Cappelletti al prosciutto crudo&#8221; tab_id=&#8221;1522688601935-8951f683-a5b2&#8243;][vc_column_text]Des p\u00e2tes souples farcies, au c\u0153ur savoureux, id\u00e9ales pour les condiments d\u00e9licats.[\/vc_column_text][vc_single_image image=&#8221;5614&#8243; img_size=&#8221;full&#8221; css_animation=&#8221;top-to-bottom&#8221;][\/vc_tta_section][vc_tta_section title=&#8221;Quadrucci al prosciutto crudo&#8221; tab_id=&#8221;1523024902149-bcc9b256-d24d&#8221;][vc_column_text]Simples mais irr\u00e9sistibles, une entr\u00e9e excellente pour des soupes de p\u00e2tes.[\/vc_column_text][vc_single_image image=&#8221;5618&#8243; img_size=&#8221;full&#8221;][\/vc_tta_section][vc_tta_section title=&#8221;Casoncelli alla carne&#8221; tab_id=&#8221;1584693956288-add731bd-0d1e&#8221;][vc_column_text]Des raviolis demi-lune frais avec une farce savoureuse \u00e0 la viande.[\/vc_column_text][vc_single_image image=&#8221;5622&#8243; img_size=&#8221;full&#8221;][\/vc_tta_section][vc_tta_section title=&#8221;Piemontesini alla carne&#8221; tab_id=&#8221;1584693976634-0e4f69aa-9ba5&#8243;][vc_column_text]Avec de la viande s\u00e9lectionn\u00e9e pour une farce au go\u00fbt intense, ils sont excellents avec tout condiment.[\/vc_column_text][vc_single_image image=&#8221;5665&#8243; img_size=&#8221;full&#8221;][\/vc_tta_section][vc_tta_section title=&#8221;Quadratoni ricotta e spinaci&#8221; tab_id=&#8221;1584693993256-3b2d1139-024d&#8221;][vc_column_text]Un format de p\u00e2tes typique de la cuisine italienne. Une farce excellente et savoureuse pour un repas simple en famille.[\/vc_column_text][vc_single_image image=&#8221;5626&#8243; img_size=&#8221;full&#8221;][\/vc_tta_section][vc_tta_section title=&#8221;Tortelloni ricotta e spinaci&#8221; tab_id=&#8221;1606396016319-9c73390e-4437&#8243;][vc_column_text]Un coeur souple et d\u00e9licat, pr\u00e9par\u00e9 avec de la ricotta souple et des \u00e9pinards frais pour une entr\u00e9e l\u00e9g\u00e8re et naturelle.[\/vc_column_text][vc_single_image image=&#8221;5630&#8243; img_size=&#8221;full&#8221;][\/vc_tta_section][vc_tta_section title=&#8221;Tortelli alla zucca&#8221; tab_id=&#8221;1606396067566-b4d6061e-1523&#8243;][vc_column_text]C\u2019est un format de p\u00e2tes typique avec une farce savoureuse et d\u00e9licate \u00e0 la citrouille. Des p\u00e2tes parfaites pour un premier plat qui \u00e9tonne les palais.[\/vc_column_text][vc_single_image image=&#8221;5633&#8243; img_size=&#8221;full&#8221;][\/vc_tta_section][vc_tta_section title=&#8221;Girasoli al Gorgonzola, pere e miele&#8221; tab_id=&#8221;1606396106006-b0b981c2-e432&#8243;][vc_column_text]Une farce surprenante et nutritive cr\u00e9\u00e9e avec des produits naturels et envelopp\u00e9e par des p\u00e2tes \u00e0 la forme originale.[\/vc_column_text][vc_single_image image=&#8221;5638&#8243; img_size=&#8221;full&#8221;][\/vc_tta_section][vc_tta_section title=&#8221;Saccottini ai funghi porcini&#8221; tab_id=&#8221;1584694019881-90fd0d48-d7e3&#8243;][vc_column_text]Un chef-d\u2019oeuvre du go\u00fbt avec une saveur intense et enveloppante et \u00e0 l\u2019ar\u00f4me unique des c\u00e8pes.[\/vc_column_text][vc_single_image image=&#8221;5673&#8243; img_size=&#8221;full&#8221;][\/vc_tta_section][vc_tta_section title=&#8221;Saccottini al tartufo&#8221; tab_id=&#8221;1606396144645-b963e47f-572d&#8221;][vc_column_text]Vous d\u00e9couvrirez un format de p\u00e2tes tr\u00e8s particulier qui enveloppe un coeur au go\u00fbt sp\u00e9cial et unique.[\/vc_column_text][vc_single_image image=&#8221;5682&#8243; img_size=&#8221;full&#8221;][\/vc_tta_section][\/vc_tta_tour][\/vc_column][\/vc_row]<\/p>\n<\/div>","protected":false},"excerpt":{"rendered":"<p>[vc_row][vc_column][tbay_title_heading title=&#8221;Pasta ripiena&#8221; descript=&#8221;Pastificio Stroppa&#8221; align=&#8221;center&#8221;][\/vc_column][\/vc_row][vc_row][vc_column width=&#8221;1\/2&#8243;][vc_single_image image=&#8221;4641&#8243; img_size=&#8221;full&#8221; css_animation=&#8221;fadeInLeft&#8221;][\/vc_column][vc_column width=&#8221;1\/2&#8243;][vc_column_text] Un d\u00e9licieux \u00e9quilibre de saveurs qui rendent excellentes les farces. [\/vc_column_text][vc_tta_tour][vc_tta_section title=&#8221;Cappelletti al prosciutto crudo&#8221; tab_id=&#8221;1522688601935-8951f683-a5b2&#8243;][vc_column_text]Des p\u00e2tes souples farcies, au c\u0153ur savoureux, id\u00e9ales pour les condiments d\u00e9licats.[\/vc_column_text][vc_single_image image=&#8221;5614&#8243; img_size=&#8221;full&#8221; css_animation=&#8221;top-to-bottom&#8221;][\/vc_tta_section][vc_tta_section title=&#8221;Quadrucci al prosciutto crudo&#8221; tab_id=&#8221;1523024902149-bcc9b256-d24d&#8221;][vc_column_text]Simples mais irr\u00e9sistibles, une entr\u00e9e excellente pour des soupes de &hellip; <a href=\"https:\/\/www.pastificiostroppa.it\/fr\/gamme-de-produits\/pasta-ripiena\/\" class=\"more-link\">Continue reading <span class=\"screen-reader-text\">Pasta ripiena<\/span><\/a><\/p>\n","protected":false},"author":1,"featured_media":0,"parent":2813,"menu_order":4,"comment_status":"closed","ping_status":"closed","template":"","meta":{"footnotes":""},"class_list":["post-2849","page","type-page","status-publish","hentry"],"aioseo_notices":[],"_links":{"self":[{"href":"https:\/\/www.pastificiostroppa.it\/fr\/wp-json\/wp\/v2\/pages\/2849","targetHints":{"allow":["GET"]}}],"collection":[{"href":"https:\/\/www.pastificiostroppa.it\/fr\/wp-json\/wp\/v2\/pages"}],"about":[{"href":"https:\/\/www.pastificiostroppa.it\/fr\/wp-json\/wp\/v2\/types\/page"}],"author":[{"embeddable":true,"href":"https:\/\/www.pastificiostroppa.it\/fr\/wp-json\/wp\/v2\/users\/1"}],"replies":[{"embeddable":true,"href":"https:\/\/www.pastificiostroppa.it\/fr\/wp-json\/wp\/v2\/comments?post=2849"}],"version-history":[{"count":15,"href":"https:\/\/www.pastificiostroppa.it\/fr\/wp-json\/wp\/v2\/pages\/2849\/revisions"}],"predecessor-version":[{"id":5686,"href":"https:\/\/www.pastificiostroppa.it\/fr\/wp-json\/wp\/v2\/pages\/2849\/revisions\/5686"}],"up":[{"embeddable":true,"href":"https:\/\/www.pastificiostroppa.it\/fr\/wp-json\/wp\/v2\/pages\/2813"}],"wp:attachment":[{"href":"https:\/\/www.pastificiostroppa.it\/fr\/wp-json\/wp\/v2\/media?parent=2849"}],"curies":[{"name":"wp","href":"https:\/\/api.w.org\/{rel}","templated":true}]}}