{"id":2831,"date":"2018-04-06T15:28:45","date_gmt":"2018-04-06T13:28:45","guid":{"rendered":"http:\/\/www.pastificiostroppa.it\/fr\/?page_id=2831"},"modified":"2022-10-28T10:37:18","modified_gmt":"2022-10-28T08:37:18","slug":"gnocchi-ripieni","status":"publish","type":"page","link":"https:\/\/www.pastificiostroppa.it\/fr\/gamme-de-produits\/gnocchi-ripieni\/","title":{"rendered":"Gnocchi ripieni"},"content":{"rendered":"<div class=\"wpb-content-wrapper\"><p>[vc_row][vc_column][tbay_title_heading title=&#8221;Gnocchi ripieni&#8221; descript=&#8221;Pastificio Stroppa&#8221; align=&#8221;center&#8221;][\/vc_column][\/vc_row][vc_row][vc_column width=&#8221;1\/2&#8243;][vc_single_image image=&#8221;4633&#8243; img_size=&#8221;full&#8221; css_animation=&#8221;fadeInLeft&#8221;][\/vc_column][vc_column width=&#8221;1\/2&#8243;][vc_column_text]<\/p>\n<blockquote><p>Savoureux, nourrissants, app\u00e9tissants: une rencontre de saveurs intenses.<\/p><\/blockquote>\n<p>[\/vc_column_text][vc_tta_tour][vc_tta_section title=&#8221;Gnocchi ai formaggi&#8221; tab_id=&#8221;1522688601935-8951f683-a5b2&#8243;][vc_column_text]\u00c0 la consistance souple, pr\u00e9par\u00e9s avec une s\u00e9lection des fromages les meilleurs, leur saveur est extraordinaire.[\/vc_column_text][vc_single_image image=&#8221;5552&#8243; img_size=&#8221;full&#8221; css_animation=&#8221;top-to-bottom&#8221;][\/vc_tta_section][vc_tta_section title=&#8221;Gnocchi al tartufo&#8221; tab_id=&#8221;1522688601936-8a512abb-2013&#8243;][vc_column_text]Un c\u0153ur irr\u00e9sistible compos\u00e9 d&#8217;un ingr\u00e9dient unique au go\u00fbt raffin\u00e9 : la truffe.[\/vc_column_text][vc_single_image image=&#8221;5553&#8243; img_size=&#8221;full&#8221; css_animation=&#8221;top-to-bottom&#8221;][\/vc_tta_section][vc_tta_section title=&#8221;Gnocchi ai funghi porcini&#8221; tab_id=&#8221;1584020427242-c449360e-e960&#8243;][vc_column_text]Les champignons transforment la farce en un coffret \u00e0 la saveur intense que le palais ne peut oublier.[\/vc_column_text][vc_single_image image=&#8221;5657&#8243; img_size=&#8221;full&#8221; css_animation=&#8221;top-to-bottom&#8221;][\/vc_tta_section][vc_tta_section title=&#8221;Polentine al Gorgonzola DOP&#8221; tab_id=&#8221;1666946180403-f237e649-a8dc&#8221;][vc_column_text]<\/p>\n<p class=\"p1\">Un go\u00fbt unique et sp\u00e9cial, pour une farce qui renferme un coeur app\u00e9tissant et all\u00e9chant, une rencontre parfaite de saveurs pour vos ap\u00e9ritifs.<\/p>\n<p>[\/vc_column_text][vc_single_image image=&#8221;5932&#8243; img_size=&#8221;full&#8221;][\/vc_tta_section][\/vc_tta_tour][\/vc_column][\/vc_row]<\/p>\n<\/div>","protected":false},"excerpt":{"rendered":"<p>[vc_row][vc_column][tbay_title_heading title=&#8221;Gnocchi ripieni&#8221; descript=&#8221;Pastificio Stroppa&#8221; align=&#8221;center&#8221;][\/vc_column][\/vc_row][vc_row][vc_column width=&#8221;1\/2&#8243;][vc_single_image image=&#8221;4633&#8243; img_size=&#8221;full&#8221; css_animation=&#8221;fadeInLeft&#8221;][\/vc_column][vc_column width=&#8221;1\/2&#8243;][vc_column_text] Savoureux, nourrissants, app\u00e9tissants: une rencontre de saveurs intenses. [\/vc_column_text][vc_tta_tour][vc_tta_section title=&#8221;Gnocchi ai formaggi&#8221; tab_id=&#8221;1522688601935-8951f683-a5b2&#8243;][vc_column_text]\u00c0 la consistance souple, pr\u00e9par\u00e9s avec une s\u00e9lection des fromages les meilleurs, leur saveur est extraordinaire.[\/vc_column_text][vc_single_image image=&#8221;5552&#8243; img_size=&#8221;full&#8221; css_animation=&#8221;top-to-bottom&#8221;][\/vc_tta_section][vc_tta_section title=&#8221;Gnocchi al tartufo&#8221; tab_id=&#8221;1522688601936-8a512abb-2013&#8243;][vc_column_text]Un c\u0153ur irr\u00e9sistible compos\u00e9 d&#8217;un ingr\u00e9dient unique au go\u00fbt raffin\u00e9 &hellip; <a href=\"https:\/\/www.pastificiostroppa.it\/fr\/gamme-de-produits\/gnocchi-ripieni\/\" class=\"more-link\">Continue reading <span class=\"screen-reader-text\">Gnocchi ripieni<\/span><\/a><\/p>\n","protected":false},"author":1,"featured_media":0,"parent":2813,"menu_order":1,"comment_status":"closed","ping_status":"closed","template":"","meta":{"footnotes":""},"class_list":["post-2831","page","type-page","status-publish","hentry"],"aioseo_notices":[],"_links":{"self":[{"href":"https:\/\/www.pastificiostroppa.it\/fr\/wp-json\/wp\/v2\/pages\/2831","targetHints":{"allow":["GET"]}}],"collection":[{"href":"https:\/\/www.pastificiostroppa.it\/fr\/wp-json\/wp\/v2\/pages"}],"about":[{"href":"https:\/\/www.pastificiostroppa.it\/fr\/wp-json\/wp\/v2\/types\/page"}],"author":[{"embeddable":true,"href":"https:\/\/www.pastificiostroppa.it\/fr\/wp-json\/wp\/v2\/users\/1"}],"replies":[{"embeddable":true,"href":"https:\/\/www.pastificiostroppa.it\/fr\/wp-json\/wp\/v2\/comments?post=2831"}],"version-history":[{"count":9,"href":"https:\/\/www.pastificiostroppa.it\/fr\/wp-json\/wp\/v2\/pages\/2831\/revisions"}],"predecessor-version":[{"id":5933,"href":"https:\/\/www.pastificiostroppa.it\/fr\/wp-json\/wp\/v2\/pages\/2831\/revisions\/5933"}],"up":[{"embeddable":true,"href":"https:\/\/www.pastificiostroppa.it\/fr\/wp-json\/wp\/v2\/pages\/2813"}],"wp:attachment":[{"href":"https:\/\/www.pastificiostroppa.it\/fr\/wp-json\/wp\/v2\/media?parent=2831"}],"curies":[{"name":"wp","href":"https:\/\/api.w.org\/{rel}","templated":true}]}}