{"id":2825,"date":"2018-04-02T18:05:21","date_gmt":"2018-04-02T16:05:21","guid":{"rendered":"http:\/\/www.pastificiostroppa.it\/fr\/?page_id=2825"},"modified":"2022-10-28T10:36:04","modified_gmt":"2022-10-28T08:36:04","slug":"gnocchi","status":"publish","type":"page","link":"https:\/\/www.pastificiostroppa.it\/fr\/gamme-de-produits\/gnocchi\/","title":{"rendered":"Gnocchi"},"content":{"rendered":"<div class=\"wpb-content-wrapper\"><p>[vc_row][vc_column][tbay_title_heading title=&#8221;Gnocchi&#8221; descript=&#8221;Pastificio Stroppa&#8221; align=&#8221;center&#8221;][\/vc_column][\/vc_row][vc_row][vc_column width=&#8221;1\/2&#8243;][vc_single_image image=&#8221;4631&#8243; img_size=&#8221;full&#8221; css_animation=&#8221;fadeInLeft&#8221;][\/vc_column][vc_column width=&#8221;1\/2&#8243;][vc_column_text]<\/p>\n<blockquote><p>Peu d\u2019ingr\u00e9dients et simples pour un des produits italiens traditionnels.<\/p><\/blockquote>\n<p>[\/vc_column_text][vc_tta_tour][vc_tta_section title=&#8221;Gnocchi di patate&#8221; tab_id=&#8221;1522688601935-8951f683-a5b2&#8243;][vc_column_text]De souples gnocchis pr\u00e9par\u00e9s avec un p\u00e9trissage de pommes de terre. Savoureux et d\u00e9licats, ils sont parfaits pour des plats simples et rapides.[\/vc_column_text][vc_single_image image=&#8221;5538&#8243; img_size=&#8221;full&#8221; css_animation=&#8221;top-to-bottom&#8221;][\/vc_tta_section][vc_tta_section title=&#8221;Gnocchetti di patate&#8221; tab_id=&#8221;1522688601936-8a512abb-2013&#8243;][vc_column_text]Petits, mais tr\u00e8s savoureux, ils sont parfaits pour cr\u00e9er des plats pleins d\u2019imagination pour les enfants.[\/vc_column_text][vc_single_image image=&#8221;5537&#8243; img_size=&#8221;full&#8221; css_animation=&#8221;top-to-bottom&#8221;][\/vc_tta_section][\/vc_tta_tour][\/vc_column][\/vc_row]<\/p>\n<\/div>","protected":false},"excerpt":{"rendered":"<p>[vc_row][vc_column][tbay_title_heading title=&#8221;Gnocchi&#8221; descript=&#8221;Pastificio Stroppa&#8221; align=&#8221;center&#8221;][\/vc_column][\/vc_row][vc_row][vc_column width=&#8221;1\/2&#8243;][vc_single_image image=&#8221;4631&#8243; img_size=&#8221;full&#8221; css_animation=&#8221;fadeInLeft&#8221;][\/vc_column][vc_column width=&#8221;1\/2&#8243;][vc_column_text] Peu d\u2019ingr\u00e9dients et simples pour un des produits italiens traditionnels. [\/vc_column_text][vc_tta_tour][vc_tta_section title=&#8221;Gnocchi di patate&#8221; tab_id=&#8221;1522688601935-8951f683-a5b2&#8243;][vc_column_text]De souples gnocchis pr\u00e9par\u00e9s avec un p\u00e9trissage de pommes de terre. Savoureux et d\u00e9licats, ils sont parfaits pour des plats simples et rapides.[\/vc_column_text][vc_single_image image=&#8221;5538&#8243; img_size=&#8221;full&#8221; css_animation=&#8221;top-to-bottom&#8221;][\/vc_tta_section][vc_tta_section title=&#8221;Gnocchetti di patate&#8221; tab_id=&#8221;1522688601936-8a512abb-2013&#8243;][vc_column_text]Petits, mais &hellip; <a href=\"https:\/\/www.pastificiostroppa.it\/fr\/gamme-de-produits\/gnocchi\/\" class=\"more-link\">Continue reading <span class=\"screen-reader-text\">Gnocchi<\/span><\/a><\/p>\n","protected":false},"author":1,"featured_media":0,"parent":2813,"menu_order":0,"comment_status":"closed","ping_status":"closed","template":"","meta":{"footnotes":""},"class_list":["post-2825","page","type-page","status-publish","hentry"],"aioseo_notices":[],"_links":{"self":[{"href":"https:\/\/www.pastificiostroppa.it\/fr\/wp-json\/wp\/v2\/pages\/2825","targetHints":{"allow":["GET"]}}],"collection":[{"href":"https:\/\/www.pastificiostroppa.it\/fr\/wp-json\/wp\/v2\/pages"}],"about":[{"href":"https:\/\/www.pastificiostroppa.it\/fr\/wp-json\/wp\/v2\/types\/page"}],"author":[{"embeddable":true,"href":"https:\/\/www.pastificiostroppa.it\/fr\/wp-json\/wp\/v2\/users\/1"}],"replies":[{"embeddable":true,"href":"https:\/\/www.pastificiostroppa.it\/fr\/wp-json\/wp\/v2\/comments?post=2825"}],"version-history":[{"count":8,"href":"https:\/\/www.pastificiostroppa.it\/fr\/wp-json\/wp\/v2\/pages\/2825\/revisions"}],"predecessor-version":[{"id":5931,"href":"https:\/\/www.pastificiostroppa.it\/fr\/wp-json\/wp\/v2\/pages\/2825\/revisions\/5931"}],"up":[{"embeddable":true,"href":"https:\/\/www.pastificiostroppa.it\/fr\/wp-json\/wp\/v2\/pages\/2813"}],"wp:attachment":[{"href":"https:\/\/www.pastificiostroppa.it\/fr\/wp-json\/wp\/v2\/media?parent=2825"}],"curies":[{"name":"wp","href":"https:\/\/api.w.org\/{rel}","templated":true}]}}