{"id":2819,"date":"2018-04-06T16:56:53","date_gmt":"2018-04-06T14:56:53","guid":{"rendered":"http:\/\/www.pastificiostroppa.it\/fr\/?page_id=2819"},"modified":"2022-10-27T11:23:45","modified_gmt":"2022-10-27T09:23:45","slug":"gluten-free","status":"publish","type":"page","link":"https:\/\/www.pastificiostroppa.it\/fr\/gamme-de-produits\/gluten-free\/","title":{"rendered":"Gluten free"},"content":{"rendered":"<div class=\"wpb-content-wrapper\"><p>[vc_row][vc_column][tbay_title_heading title=&#8221;Gluten free&#8221; descript=&#8221;Pastificio Stroppa&#8221; align=&#8221;center&#8221;][\/vc_column][\/vc_row][vc_row][vc_column width=&#8221;1\/2&#8243;][vc_single_image image=&#8221;5808&#8243; img_size=&#8221;full&#8221; css_animation=&#8221;fadeInLeft&#8221;][\/vc_column][vc_column width=&#8221;1\/2&#8243;][vc_column_text]<\/p>\n<blockquote><p>D\u2019excellents produits sans gluten pour ceux qui ne veulent pas renoncer au go\u00fbt.<\/p><\/blockquote>\n<p>[\/vc_column_text][vc_tta_tour][vc_tta_section title=&#8221;Gnocchi di patate&#8221; tab_id=&#8221;1522688601935-8951f683-a5b2&#8243;][vc_column_text]Pour tous ceux qui ne tol\u00e8rent pas le gluten, un plat traditionnel de la cuisine italienne pr\u00e9par\u00e9 avec peu d\u2019ingr\u00e9dients et simples.[\/vc_column_text][vc_single_image image=&#8221;5709&#8243; img_size=&#8221;full&#8221; css_animation=&#8221;top-to-bottom&#8221;][\/vc_tta_section][\/vc_tta_tour][\/vc_column][\/vc_row]<\/p>\n<\/div>","protected":false},"excerpt":{"rendered":"<p>[vc_row][vc_column][tbay_title_heading title=&#8221;Gluten free&#8221; descript=&#8221;Pastificio Stroppa&#8221; align=&#8221;center&#8221;][\/vc_column][\/vc_row][vc_row][vc_column width=&#8221;1\/2&#8243;][vc_single_image image=&#8221;5808&#8243; img_size=&#8221;full&#8221; css_animation=&#8221;fadeInLeft&#8221;][\/vc_column][vc_column width=&#8221;1\/2&#8243;][vc_column_text] D\u2019excellents produits sans gluten pour ceux qui ne veulent pas renoncer au go\u00fbt. [\/vc_column_text][vc_tta_tour][vc_tta_section title=&#8221;Gnocchi di patate&#8221; tab_id=&#8221;1522688601935-8951f683-a5b2&#8243;][vc_column_text]Pour tous ceux qui ne tol\u00e8rent pas le gluten, un plat traditionnel de la cuisine italienne pr\u00e9par\u00e9 avec peu d\u2019ingr\u00e9dients et simples.[\/vc_column_text][vc_single_image image=&#8221;5709&#8243; img_size=&#8221;full&#8221; css_animation=&#8221;top-to-bottom&#8221;][\/vc_tta_section][\/vc_tta_tour][\/vc_column][\/vc_row]<\/p>\n","protected":false},"author":1,"featured_media":0,"parent":2813,"menu_order":6,"comment_status":"closed","ping_status":"closed","template":"","meta":{"footnotes":""},"class_list":["post-2819","page","type-page","status-publish","hentry"],"aioseo_notices":[],"_links":{"self":[{"href":"https:\/\/www.pastificiostroppa.it\/fr\/wp-json\/wp\/v2\/pages\/2819","targetHints":{"allow":["GET"]}}],"collection":[{"href":"https:\/\/www.pastificiostroppa.it\/fr\/wp-json\/wp\/v2\/pages"}],"about":[{"href":"https:\/\/www.pastificiostroppa.it\/fr\/wp-json\/wp\/v2\/types\/page"}],"author":[{"embeddable":true,"href":"https:\/\/www.pastificiostroppa.it\/fr\/wp-json\/wp\/v2\/users\/1"}],"replies":[{"embeddable":true,"href":"https:\/\/www.pastificiostroppa.it\/fr\/wp-json\/wp\/v2\/comments?post=2819"}],"version-history":[{"count":8,"href":"https:\/\/www.pastificiostroppa.it\/fr\/wp-json\/wp\/v2\/pages\/2819\/revisions"}],"predecessor-version":[{"id":5912,"href":"https:\/\/www.pastificiostroppa.it\/fr\/wp-json\/wp\/v2\/pages\/2819\/revisions\/5912"}],"up":[{"embeddable":true,"href":"https:\/\/www.pastificiostroppa.it\/fr\/wp-json\/wp\/v2\/pages\/2813"}],"wp:attachment":[{"href":"https:\/\/www.pastificiostroppa.it\/fr\/wp-json\/wp\/v2\/media?parent=2819"}],"curies":[{"name":"wp","href":"https:\/\/api.w.org\/{rel}","templated":true}]}}