{"id":2813,"date":"2018-03-26T17:08:21","date_gmt":"2018-03-26T15:08:21","guid":{"rendered":"http:\/\/www.pastificiostroppa.it\/fr\/?page_id=2813"},"modified":"2020-12-01T17:33:04","modified_gmt":"2020-12-01T16:33:04","slug":"gamme-de-produits","status":"publish","type":"page","link":"https:\/\/www.pastificiostroppa.it\/fr\/gamme-de-produits\/","title":{"rendered":"Gamme de produits"},"content":{"rendered":"<div class=\"wpb-content-wrapper\"><p>[vc_row][vc_column width=&#8221;1\/2&#8243;][vc_column_text]<\/p>\n<blockquote><p>Chaque pi\u00e8ce est cr\u00e9\u00e9e avec le\u00a0<strong>soin<\/strong>\u00a0et avec la\u00a0<strong>passion<\/strong>\u00a0qui nous ont toujours caract\u00e9ris\u00e9s et avec lesquels nous portons nos produits dans toutes les maisons europ\u00e9ennes pour que\u00a0<strong>la magie de concepts comme famille, bonne cuisine et plaisirs de la table puissent revivre.<\/strong><\/p><\/blockquote>\n<p>[\/vc_column_text][\/vc_column][vc_column width=&#8221;1\/2&#8243;][\/vc_column][\/vc_row][vc_row][vc_column width=&#8221;1\/4&#8243;][vc_single_image image=&#8221;5451&#8243; img_size=&#8221;full&#8221; onclick=&#8221;custom_link&#8221; link=&#8221;http:\/\/www.pastificiostroppa.it\/fr\/gamme-de-produits\/gnocchi\/&#8221;][\/vc_column][vc_column width=&#8221;1\/4&#8243;][vc_single_image image=&#8221;5443&#8243; img_size=&#8221;full&#8221; onclick=&#8221;custom_link&#8221; link=&#8221;http:\/\/www.pastificiostroppa.it\/fr\/gamme-de-produits\/gnocchi-ripieni\/&#8221;][\/vc_column][vc_column width=&#8221;1\/4&#8243;][vc_single_image image=&#8221;5444&#8243; img_size=&#8221;full&#8221; onclick=&#8221;custom_link&#8221; link=&#8221;http:\/\/www.pastificiostroppa.it\/fr\/gamme-de-produits\/pasta-fresca\/&#8221;][\/vc_column][vc_column width=&#8221;1\/4&#8243;][vc_single_image image=&#8221;5445&#8243; img_size=&#8221;full&#8221; onclick=&#8221;custom_link&#8221; link=&#8221;http:\/\/www.pastificiostroppa.it\/fr\/gamme-de-produits\/pasta-fresca-alluovo\/&#8221;][\/vc_column][\/vc_row][vc_row][vc_column width=&#8221;1\/4&#8243;][vc_single_image image=&#8221;5446&#8243; img_size=&#8221;full&#8221; onclick=&#8221;custom_link&#8221; css=&#8221;.vc_custom_1606828662633{margin-top: 20px !important;}&#8221; link=&#8221;http:\/\/www.pastificiostroppa.it\/fr\/gamme-de-produits\/pasta-ripiena\/&#8221;][\/vc_column][vc_column width=&#8221;1\/4&#8243;][vc_single_image image=&#8221;5440&#8243; img_size=&#8221;full&#8221; onclick=&#8221;custom_link&#8221; css=&#8221;.vc_custom_1606828978748{margin-top: 20px !important;}&#8221; link=&#8221;http:\/\/www.pastificiostroppa.it\/fr\/gamme-de-produits\/ambient\/&#8221;][\/vc_column][vc_column width=&#8221;1\/4&#8243;][vc_single_image image=&#8221;5441&#8243; img_size=&#8221;full&#8221; onclick=&#8221;custom_link&#8221; css=&#8221;.vc_custom_1606828749500{margin-top: 20px !important;}&#8221; link=&#8221;http:\/\/www.pastificiostroppa.it\/fr\/gamme-de-produits\/gluten-free\/&#8221;][\/vc_column][vc_column width=&#8221;1\/4&#8243;][\/vc_column][\/vc_row]<\/p>\n<\/div>","protected":false},"excerpt":{"rendered":"<p>[vc_row][vc_column width=&#8221;1\/2&#8243;][vc_column_text] Chaque pi\u00e8ce est cr\u00e9\u00e9e avec le\u00a0soin\u00a0et avec la\u00a0passion\u00a0qui nous ont toujours caract\u00e9ris\u00e9s et avec lesquels nous portons nos produits dans toutes les maisons europ\u00e9ennes pour que\u00a0la magie de concepts comme famille, bonne cuisine et plaisirs de la table puissent revivre. [\/vc_column_text][\/vc_column][vc_column width=&#8221;1\/2&#8243;][\/vc_column][\/vc_row][vc_row][vc_column width=&#8221;1\/4&#8243;][vc_single_image image=&#8221;5451&#8243; img_size=&#8221;full&#8221; onclick=&#8221;custom_link&#8221; link=&#8221;http:\/\/www.pastificiostroppa.it\/fr\/gamme-de-produits\/gnocchi\/&#8221;][\/vc_column][vc_column width=&#8221;1\/4&#8243;][vc_single_image image=&#8221;5443&#8243; img_size=&#8221;full&#8221; onclick=&#8221;custom_link&#8221; link=&#8221;http:\/\/www.pastificiostroppa.it\/fr\/gamme-de-produits\/gnocchi-ripieni\/&#8221;][\/vc_column][vc_column width=&#8221;1\/4&#8243;][vc_single_image &hellip; <a href=\"https:\/\/www.pastificiostroppa.it\/fr\/gamme-de-produits\/\" class=\"more-link\">Continue reading <span class=\"screen-reader-text\">Gamme de produits<\/span><\/a><\/p>\n","protected":false},"author":1,"featured_media":0,"parent":0,"menu_order":3,"comment_status":"closed","ping_status":"closed","template":"","meta":{"footnotes":""},"class_list":["post-2813","page","type-page","status-publish","hentry"],"aioseo_notices":[],"_links":{"self":[{"href":"https:\/\/www.pastificiostroppa.it\/fr\/wp-json\/wp\/v2\/pages\/2813","targetHints":{"allow":["GET"]}}],"collection":[{"href":"https:\/\/www.pastificiostroppa.it\/fr\/wp-json\/wp\/v2\/pages"}],"about":[{"href":"https:\/\/www.pastificiostroppa.it\/fr\/wp-json\/wp\/v2\/types\/page"}],"author":[{"embeddable":true,"href":"https:\/\/www.pastificiostroppa.it\/fr\/wp-json\/wp\/v2\/users\/1"}],"replies":[{"embeddable":true,"href":"https:\/\/www.pastificiostroppa.it\/fr\/wp-json\/wp\/v2\/comments?post=2813"}],"version-history":[{"count":10,"href":"https:\/\/www.pastificiostroppa.it\/fr\/wp-json\/wp\/v2\/pages\/2813\/revisions"}],"predecessor-version":[{"id":5495,"href":"https:\/\/www.pastificiostroppa.it\/fr\/wp-json\/wp\/v2\/pages\/2813\/revisions\/5495"}],"wp:attachment":[{"href":"https:\/\/www.pastificiostroppa.it\/fr\/wp-json\/wp\/v2\/media?parent=2813"}],"curies":[{"name":"wp","href":"https:\/\/api.w.org\/{rel}","templated":true}]}}