{"id":4092,"date":"2020-02-05T15:11:07","date_gmt":"2020-02-05T14:11:07","guid":{"rendered":"http:\/\/www.pastificiostroppa.it\/?page_id=4092"},"modified":"2020-12-21T12:53:08","modified_gmt":"2020-12-21T11:53:08","slug":"ambient","status":"publish","type":"page","link":"https:\/\/www.pastificiostroppa.it\/de\/pastificio-stroppa-linie\/ambient\/","title":{"rendered":"Ambient"},"content":{"rendered":"<div class=\"wpb-content-wrapper\"><p>[vc_row][vc_column][tbay_title_heading title=&#8221;Ambient&#8221; descript=&#8221;Pastificio Stroppa&#8221; align=&#8221;center&#8221;][\/vc_column][\/vc_row][vc_row][vc_column width=&#8221;1\/2&#8243;][vc_single_image image=&#8221;4651&#8243; img_size=&#8221;full&#8221; css_animation=&#8221;fadeInLeft&#8221;][\/vc_column][vc_column width=&#8221;1\/2&#8243;][vc_column_text]<\/p>\n<blockquote><p>Frische Teigwaren mit langer Haltbarkeit, kann bis zu 12 Monate in der Speisekammer aufbewahrt werden.<\/p><\/blockquote>\n<p>[\/vc_column_text][vc_tta_tour][vc_tta_section title=&#8221;Gnocchi di patate ambient&#8221; tab_id=&#8221;1522688601935-8951f683-a5b2&#8243;][vc_column_text]Sie sind weich und herzhaft und passen sich jeder Art von Gew\u00fcrz-Sauce an; sie sind lange haltbar, bis zu 12 Monaten in dear Speisekammer.[\/vc_column_text][vc_single_image image=&#8221;5691&#8243; img_size=&#8221;full&#8221; css_animation=&#8221;top-to-bottom&#8221;][\/vc_tta_section][vc_tta_section title=&#8221;Gnocchetti di patate ambient&#8221; tab_id=&#8221;1600951822623-d1111890-ccff&#8221;][vc_column_text]Sie sind ideal, um einfache und schnelle Gerichte f\u00fcr Kinder zu schaffen. Sie bleiben bis zu 12 Monate au\u00dferhalb des K\u00fchlschrankes frisch.[\/vc_column_text][vc_single_image image=&#8221;5695&#8243; img_size=&#8221;full&#8221; css_animation=&#8221;top-to-bottom&#8221;][\/vc_tta_section][vc_tta_section title=&#8221;Gnocchi di riso ambient&#8221; tab_id=&#8221;1584694287908-9ea2e4cf-20cc&#8221;][vc_column_text]Als k\u00f6stlicher leichter und delikater erster Gang k\u00f6nnen die gnocchi ambient bis zu 12 Monate in der Speisekammer aufbewahrt werden.[\/vc_column_text][vc_single_image image=&#8221;5700&#8243; img_size=&#8221;full&#8221; css_animation=&#8221;top-to-bottom&#8221;][\/vc_tta_section][\/vc_tta_tour][\/vc_column][\/vc_row]<\/p>\n<\/div>","protected":false},"excerpt":{"rendered":"<p>[vc_row][vc_column][tbay_title_heading title=&#8221;Ambient&#8221; descript=&#8221;Pastificio Stroppa&#8221; align=&#8221;center&#8221;][\/vc_column][\/vc_row][vc_row][vc_column width=&#8221;1\/2&#8243;][vc_single_image image=&#8221;4651&#8243; img_size=&#8221;full&#8221; css_animation=&#8221;fadeInLeft&#8221;][\/vc_column][vc_column width=&#8221;1\/2&#8243;][vc_column_text] Frische Teigwaren mit langer Haltbarkeit, kann bis zu 12 Monate in der Speisekammer aufbewahrt werden. [\/vc_column_text][vc_tta_tour][vc_tta_section title=&#8221;Gnocchi di patate ambient&#8221; tab_id=&#8221;1522688601935-8951f683-a5b2&#8243;][vc_column_text]Sie sind weich und herzhaft und passen sich jeder Art von Gew\u00fcrz-Sauce an; sie sind lange haltbar, bis zu 12 Monaten in dear Speisekammer.[\/vc_column_text][vc_single_image image=&#8221;5691&#8243; &hellip; <a href=\"https:\/\/www.pastificiostroppa.it\/de\/pastificio-stroppa-linie\/ambient\/\" class=\"more-link\">Continue reading <span class=\"screen-reader-text\">Ambient<\/span><\/a><\/p>\n","protected":false},"author":1,"featured_media":0,"parent":2815,"menu_order":0,"comment_status":"closed","ping_status":"closed","template":"","meta":{"footnotes":""},"class_list":["post-4092","page","type-page","status-publish","hentry"],"aioseo_notices":[],"_links":{"self":[{"href":"https:\/\/www.pastificiostroppa.it\/de\/wp-json\/wp\/v2\/pages\/4092","targetHints":{"allow":["GET"]}}],"collection":[{"href":"https:\/\/www.pastificiostroppa.it\/de\/wp-json\/wp\/v2\/pages"}],"about":[{"href":"https:\/\/www.pastificiostroppa.it\/de\/wp-json\/wp\/v2\/types\/page"}],"author":[{"embeddable":true,"href":"https:\/\/www.pastificiostroppa.it\/de\/wp-json\/wp\/v2\/users\/1"}],"replies":[{"embeddable":true,"href":"https:\/\/www.pastificiostroppa.it\/de\/wp-json\/wp\/v2\/comments?post=4092"}],"version-history":[{"count":8,"href":"https:\/\/www.pastificiostroppa.it\/de\/wp-json\/wp\/v2\/pages\/4092\/revisions"}],"predecessor-version":[{"id":5703,"href":"https:\/\/www.pastificiostroppa.it\/de\/wp-json\/wp\/v2\/pages\/4092\/revisions\/5703"}],"up":[{"embeddable":true,"href":"https:\/\/www.pastificiostroppa.it\/de\/wp-json\/wp\/v2\/pages\/2815"}],"wp:attachment":[{"href":"https:\/\/www.pastificiostroppa.it\/de\/wp-json\/wp\/v2\/media?parent=4092"}],"curies":[{"name":"wp","href":"https:\/\/api.w.org\/{rel}","templated":true}]}}