{"id":3184,"date":"2017-09-12T08:31:35","date_gmt":"2017-09-12T06:31:35","guid":{"rendered":"http:\/\/www.pastificiostroppa.it\/de\/?page_id=3184"},"modified":"2020-12-22T15:24:40","modified_gmt":"2020-12-22T14:24:40","slug":"spezialitaet","status":"publish","type":"page","link":"https:\/\/www.pastificiostroppa.it\/de\/spezialitaet\/","title":{"rendered":"Spezialit\u00e4t"},"content":{"rendered":"<div class=\"wpb-content-wrapper\"><p>[vc_row el_class=&#8221;text-center&#8221;][vc_column][tbay_title_heading title=&#8221;Qualit\u00e4t&#8221; descript=&#8221;seit 1970&#8243; style=&#8221;style2&#8243; align=&#8221;center&#8221; buttons=&#8221;btn-default btn-outline&#8221; buttons2=&#8221;btn-default btn-outline&#8221; el_class=&#8221;title_underlined text-center&#8221;][vc_column_text css_animation=&#8221;fadeInUp&#8221;]<\/p>\n<h4><span style=\"color: #faa147;\">Die Qualit\u00e4t ist seit 1970 immer dieselbe: frische Nudeln, um k\u00f6stliche Gerichte zu kreieren und ein Geschmackserlebnis mit dem <strong>typischen und einzigartigen Geschmack der italienischen Tradition<\/strong>\u00a0zu erleben.<\/span><\/h4>\n<p>[\/vc_column_text][vc_row_inner css=&#8221;.vc_custom_1504689041779{background-color: #fcfcfc !important;}&#8221;][vc_column_inner width=&#8221;1\/2&#8243;][vc_single_image image=&#8221;5824&#8243; img_size=&#8221;full&#8221; style=&#8221;vc_box_shadow_border_circle&#8221; css_animation=&#8221;fadeInRight&#8221; el_class=&#8221;no-link&#8221;][\/vc_column_inner][vc_column_inner width=&#8221;1\/2&#8243; css=&#8221;.vc_custom_1504689074321{padding-top: 113px !important;}&#8221;][vc_icon type=&#8221;entypo&#8221; icon_entypo=&#8221;entypo-icon entypo-icon-leaf&#8221; color=&#8221;white&#8221; background_style=&#8221;rounded&#8221; background_color=&#8221;orange&#8221; align=&#8221;center&#8221;][tbay_title_heading title=&#8221;Wir Bringen Die Italienische K\u00fcche&#8221; descript=&#8221;auf den Tisch&#8221; align=&#8221;center&#8221; buttons=&#8221;btn-default btn-outline&#8221; buttons2=&#8221;btn-default btn-outline&#8221; el_class=&#8221;title_underlined text-center&#8221;][vc_column_text css_animation=&#8221;fadeInUp&#8221;]<\/p>\n<div class=\"about-sub\">Pastificio Stroppa herstellt Kl\u00f6\u00dfe und Ravioli f\u00fcr Schul-, Krankenhaus- und Firmenverpflegung: <strong>Produkte von h\u00f6chster Qualit\u00e4t, die v\u00f6llig frei von Zusatzstoffen, Sulfiten und Konservierungsstoffen sind.<\/strong><\/div>\n<p>[\/vc_column_text][\/vc_column_inner][\/vc_row_inner][vc_row_inner css=&#8221;.vc_custom_1504689041779{background-color: #fcfcfc !important;}&#8221;][vc_column_inner el_class=&#8221;pull-right&#8221; width=&#8221;1\/2&#8243;][vc_single_image image=&#8221;5032&#8243; img_size=&#8221;full&#8221; style=&#8221;vc_box_shadow_border_circle&#8221; css_animation=&#8221;fadeInLeft&#8221; el_class=&#8221;no-link&#8221;][\/vc_column_inner][vc_column_inner width=&#8221;1\/2&#8243; css=&#8221;.vc_custom_1504689074321{padding-top: 113px !important;}&#8221;][vc_icon type=&#8221;entypo&#8221; icon_entypo=&#8221;entypo-icon entypo-icon-globe&#8221; color=&#8221;white&#8221; background_style=&#8221;rounded&#8221; background_color=&#8221;orange&#8221; align=&#8221;center&#8221;][tbay_title_heading title=&#8221;Einer Nach Dem Anderen&#8221; descript=&#8221;ausgew\u00e4hlte Zutaten&#8221; align=&#8221;center&#8221; buttons=&#8221;btn-default btn-outline&#8221; buttons2=&#8221;btn-default btn-outline&#8221; el_class=&#8221;title_underlined text-center&#8221;][vc_column_text css_animation=&#8221;fadeInUp&#8221;]<\/p>\n<div class=\"about-sub\">Die Zutaten jedes einzelnen St\u00fccks, das mit Leidenschaft hergestellt wird, werden sorgf\u00e4ltig ausgew\u00e4hlt und stammen aus biologischem Anbau, <strong>dabei gew\u00e4hrleisten sie die beste Qualit\u00e4t.<\/strong><\/div>\n<p>[\/vc_column_text][\/vc_column_inner][\/vc_row_inner][\/vc_column][\/vc_row][vc_row][vc_column][vc_empty_space height=&#8221;50px&#8221;][\/vc_column][\/vc_row]<\/p>\n<\/div>","protected":false},"excerpt":{"rendered":"<p>[vc_row el_class=&#8221;text-center&#8221;][vc_column][tbay_title_heading title=&#8221;Qualit\u00e4t&#8221; descript=&#8221;seit 1970&#8243; style=&#8221;style2&#8243; align=&#8221;center&#8221; buttons=&#8221;btn-default btn-outline&#8221; buttons2=&#8221;btn-default btn-outline&#8221; el_class=&#8221;title_underlined text-center&#8221;][vc_column_text css_animation=&#8221;fadeInUp&#8221;] Die Qualit\u00e4t ist seit 1970 immer dieselbe: frische Nudeln, um k\u00f6stliche Gerichte zu kreieren und ein Geschmackserlebnis mit dem typischen und einzigartigen Geschmack der italienischen Tradition\u00a0zu erleben. [\/vc_column_text][vc_row_inner css=&#8221;.vc_custom_1504689041779{background-color: #fcfcfc !important;}&#8221;][vc_column_inner width=&#8221;1\/2&#8243;][vc_single_image image=&#8221;5824&#8243; img_size=&#8221;full&#8221; style=&#8221;vc_box_shadow_border_circle&#8221; css_animation=&#8221;fadeInRight&#8221; el_class=&#8221;no-link&#8221;][\/vc_column_inner][vc_column_inner width=&#8221;1\/2&#8243; css=&#8221;.vc_custom_1504689074321{padding-top: 113px !important;}&#8221;][vc_icon &hellip; <a href=\"https:\/\/www.pastificiostroppa.it\/de\/spezialitaet\/\" class=\"more-link\">Continue reading <span class=\"screen-reader-text\">Spezialit\u00e4t<\/span><\/a><\/p>\n","protected":false},"author":1,"featured_media":0,"parent":0,"menu_order":4,"comment_status":"closed","ping_status":"closed","template":"","meta":{"footnotes":""},"class_list":["post-3184","page","type-page","status-publish","hentry"],"aioseo_notices":[],"_links":{"self":[{"href":"https:\/\/www.pastificiostroppa.it\/de\/wp-json\/wp\/v2\/pages\/3184","targetHints":{"allow":["GET"]}}],"collection":[{"href":"https:\/\/www.pastificiostroppa.it\/de\/wp-json\/wp\/v2\/pages"}],"about":[{"href":"https:\/\/www.pastificiostroppa.it\/de\/wp-json\/wp\/v2\/types\/page"}],"author":[{"embeddable":true,"href":"https:\/\/www.pastificiostroppa.it\/de\/wp-json\/wp\/v2\/users\/1"}],"replies":[{"embeddable":true,"href":"https:\/\/www.pastificiostroppa.it\/de\/wp-json\/wp\/v2\/comments?post=3184"}],"version-history":[{"count":7,"href":"https:\/\/www.pastificiostroppa.it\/de\/wp-json\/wp\/v2\/pages\/3184\/revisions"}],"predecessor-version":[{"id":5825,"href":"https:\/\/www.pastificiostroppa.it\/de\/wp-json\/wp\/v2\/pages\/3184\/revisions\/5825"}],"wp:attachment":[{"href":"https:\/\/www.pastificiostroppa.it\/de\/wp-json\/wp\/v2\/media?parent=3184"}],"curies":[{"name":"wp","href":"https:\/\/api.w.org\/{rel}","templated":true}]}}