{"id":3001,"date":"2016-01-16T05:16:48","date_gmt":"2016-01-16T05:16:48","guid":{"rendered":"http:\/\/www.pastificiostroppa.it\/de\/home\/"},"modified":"2020-12-22T18:42:09","modified_gmt":"2020-12-22T17:42:09","slug":"home-2-2","status":"publish","type":"page","link":"https:\/\/www.pastificiostroppa.it\/de\/","title":{"rendered":"Home"},"content":{"rendered":"<div class=\"wpb-content-wrapper\"><p>[vc_row full_width=&#8221;stretch_row&#8221; isfullwidth=&#8221;0&#8243; el_class=&#8221;position-img&#8221; css=&#8221;.vc_custom_1551951384650{margin-top: 30px !important;margin-bottom: 60px !important;}&#8221;][vc_column][rev_slider_vc alias=&#8221;banner-tedesco&#8221;][\/vc_column][\/vc_row][vc_row css_animation=&#8221;fadeInUp&#8221;][vc_column css_animation=&#8221;fadeInUp&#8221; width=&#8221;1\/4&#8243; css=&#8221;.vc_custom_1512654077911{margin-top: 0px !important;}&#8221;][vc_single_image image=&#8221;4242&#8243; img_size=&#8221;full&#8221; onclick=&#8221;custom_link&#8221; link=&#8221;http:\/\/www.pastificiostroppa.it\/bio-bonta\/gnocchi\/&#8221;][vc_column_text]<\/p>\n<h5>Gnocchi<\/h5>\n<p>Wenige und einfache Zutaten f\u00fcr eines der Produkte der italienischen Tradition.[\/vc_column_text][vc_single_image image=&#8221;4243&#8243; img_size=&#8221;full&#8221; onclick=&#8221;custom_link&#8221; link=&#8221;http:\/\/www.pastificiostroppa.it\/bio-bonta\/gnocchi-ripieni\/&#8221;][vc_column_text]<\/p>\n<h5>Gnocchi ripieni<\/h5>\n<p>K\u00f6stliche, nahrhafte, schmackhafte Kl\u00f6\u00dfe: ein Treffen von intensiven Aromen.[\/vc_column_text][\/vc_column][vc_column css_animation=&#8221;fadeInUp&#8221; width=&#8221;1\/4&#8243;][vc_single_image image=&#8221;4245&#8243; img_size=&#8221;full&#8221; onclick=&#8221;custom_link&#8221; link=&#8221;http:\/\/www.pastificiostroppa.it\/bio-bonta\/pasta-fresca&#8221;][vc_column_text]<\/p>\n<h5><strong>Pasta Fresca<\/strong><\/h5>\n<p>Klassiker der italienischen Gastronomie in verschiedenen Formaten.[\/vc_column_text][vc_single_image image=&#8221;4675&#8243; img_size=&#8221;full&#8221; onclick=&#8221;custom_link&#8221; link=&#8221;http:\/\/www.pastificiostroppa.it\/bio-bonta\/pasta-fresca&#8221;][vc_column_text]<\/p>\n<h5><strong>Pasta Fresca all&#8217;Uovo<\/strong><\/h5>\n<p>Eine Mischung aus einfachen und nahrhaften Zutaten, wie hausgemacht.[\/vc_column_text][\/vc_column][vc_column css_animation=&#8221;fadeInUp&#8221; width=&#8221;1\/4&#8243;][vc_single_image image=&#8221;4247&#8243; img_size=&#8221;full&#8221; onclick=&#8221;custom_link&#8221; link=&#8221;http:\/\/www.pastificiostroppa.it\/bio-bonta\/pasta-ripiena\/&#8221;][vc_column_text]<\/p>\n<h5>Pasta ripiena<\/h5>\n<p>Ein k\u00f6stliches Gleichgewicht von Aromen, welche die F\u00fcllungen lecker machen.[\/vc_column_text][vc_single_image image=&#8221;4256&#8243; img_size=&#8221;full&#8221; onclick=&#8221;custom_link&#8221; link=&#8221;http:\/\/www.pastificiostroppa.it\/bio-bonta\/pasta-ripiena-doppia-sfoglia\/&#8221;][vc_column_text]<\/p>\n<h5>Ambient<\/h5>\n<p>Frische Teigwaren mit langer Haltbarkeit, kann bis zu 12 Monate in der Speisekammer aufbewahrt werden.[\/vc_column_text][\/vc_column][vc_column width=&#8221;1\/4&#8243;][vc_single_image image=&#8221;4244&#8243; img_size=&#8221;full&#8221; onclick=&#8221;custom_link&#8221; link=&#8221;http:\/\/www.pastificiostroppa.it\/bio-bonta\/gluten-free\/&#8221;][vc_column_text]<\/p>\n<h5>Gluten Free<\/h5>\n<p>K\u00f6stliche glutenfreie Produkte f\u00fcr diejenigen, die nicht auf Geschmack verzichten wollen.[\/vc_column_text][\/vc_column][\/vc_row][vc_row css=&#8221;.vc_custom_1584365186775{padding-top: 10px !important;padding-bottom: 10px !important;}&#8221;][vc_column][vc_separator color=&#8221;orange&#8221; style=&#8221;shadow&#8221; border_width=&#8221;4&#8243; css=&#8221;.vc_custom_1584365256060{padding-top: 20px !important;padding-bottom: 20px !important;}&#8221;][\/vc_column][\/vc_row][vc_row][vc_column width=&#8221;1\/4&#8243;][tbay_title_heading title=&#8221;Jedes einzelne St\u00fcck wird mit Sorgfalt und Leidenschaft geschaffen.&#8221; align=&#8221;center&#8221; font_color=&#8221;#faa147&#8243;][vc_column_text]Wir bef\u00f6rdern unsere Produkte in die europ\u00e4ische H\u00e4user, um die <strong>Magie des Tisches<\/strong>, der <strong>Familie<\/strong>, des <strong>guten Essens<\/strong> zur\u00fcckzubringen.[\/vc_column_text][vc_single_image image=&#8221;4458&#8243;][\/vc_column][vc_column width=&#8221;1\/4&#8243;][\/vc_column][vc_column width=&#8221;1\/2&#8243;][tbay_title_heading title=&#8221;Warum Uns W\u00e4hlen?&#8221; align=&#8221;left&#8221; font_color=&#8221;#faa147&#8243;][vc_column_text]<\/p>\n<h4 class=\"ourservice-heading\" style=\"font-size: 16px;\">Ausgew\u00e4hlte Rohstoffe<\/h4>\n<p class=\"description\">Wir w\u00e4hlen nur hochwertige Produkte aus, um unsere Produkte herzustellen.<\/p>\n<h4 class=\"ourservice-heading\">Zertifizierte Produkte<\/h4>\n<p class=\"description\">Wir haben die Zertifizierungen erhalten, welche die Herkunft unserer Inhaltsstoffe und die Sicherheit unserer Umgebungen best\u00e4tigen.<\/p>\n<h4 class=\"ourservice-heading\">100% italienische Qualit\u00e4t<\/h4>\n<p class=\"description\">Wir bringen die besten Produkte der traditionellen italienischen K\u00fcche auf den Tisch.<\/p>\n<p>[\/vc_column_text][\/vc_column][\/vc_row][vc_row css=&#8221;.vc_custom_1584365186775{padding-top: 10px !important;padding-bottom: 10px !important;}&#8221;][vc_column][vc_separator color=&#8221;orange&#8221; style=&#8221;shadow&#8221; border_width=&#8221;4&#8243; css=&#8221;.vc_custom_1584365256060{padding-top: 20px !important;padding-bottom: 20px !important;}&#8221;][\/vc_column][\/vc_row][vc_row full_width=&#8221;stretch_row&#8221; css=&#8221;.vc_custom_1523018577755{background-color: #fcfcfc !important;}&#8221;][vc_column css_animation=&#8221;fadeInUp&#8221;][tbay_title_heading title=&#8221;Was \u00dcber Uns Gesagt Wird&#8221; descript=&#8221;Unsere Bewertungen&#8221; style=&#8221;style2&#8243; align=&#8221;center&#8221; buttons=&#8221;btn-default btn-outline&#8221; buttons2=&#8221;btn-default btn-outline&#8221;][vc_row_inner][vc_column_inner width=&#8221;4\/12&#8243;][vc_single_image image=&#8221;2888&#8243; img_size=&#8221;full&#8221; alignment=&#8221;center&#8221; el_class=&#8221;no-hover&#8221;][vc_column_text]<em>Die Familie Stroppa produziert seit 1968 100% italienische Produkte.<\/em>[\/vc_column_text][\/vc_column_inner][vc_column_inner width=&#8221;8\/12&#8243;][tbay_testimonials number=&#8221;6&#8243; columns=&#8221;2&#8243; rows=&#8221;2&#8243; align=&#8221;left&#8221; nav_type=&#8221;yes&#8221; pagi_type=&#8221;yes&#8221; responsive_type=&#8221;yes&#8221; screen_desktop=&#8221;2&#8243; screen_desktopsmall=&#8221;2&#8243; screen_tablet=&#8221;1&#8243; style=&#8221;v2&#8243;][\/vc_column_inner][\/vc_row_inner][\/vc_column][\/vc_row][vc_row][vc_column][vc_images_carousel images=&#8221;2751,2752,2753,2754,2755,2756&#8243; img_size=&#8221;full&#8221; onclick=&#8221;custom_link&#8221; speed=&#8221;1000&#8243; slides_per_view=&#8221;3&#8243; autoplay=&#8221;yes&#8221; wrap=&#8221;yes&#8221; custom_links=&#8221;#E-8_aHR0cCUzQSUyRiUyRnd3dy5zdHJvcHBhYmlvLml0JTJGY2VydGlmaWNhemlvbmklMkY=&#8221; css=&#8221;.vc_custom_1584368056532{padding-top: 20px !important;padding-bottom: -10px !important;}&#8221;][\/vc_column][\/vc_row]<\/p>\n<\/div>","protected":false},"excerpt":{"rendered":"<p>[vc_row full_width=&#8221;stretch_row&#8221; isfullwidth=&#8221;0&#8243; el_class=&#8221;position-img&#8221; css=&#8221;.vc_custom_1551951384650{margin-top: 30px !important;margin-bottom: 60px !important;}&#8221;][vc_column][rev_slider_vc alias=&#8221;banner-tedesco&#8221;][\/vc_column][\/vc_row][vc_row css_animation=&#8221;fadeInUp&#8221;][vc_column css_animation=&#8221;fadeInUp&#8221; width=&#8221;1\/4&#8243; css=&#8221;.vc_custom_1512654077911{margin-top: 0px !important;}&#8221;][vc_single_image image=&#8221;4242&#8243; img_size=&#8221;full&#8221; onclick=&#8221;custom_link&#8221; link=&#8221;http:\/\/www.pastificiostroppa.it\/bio-bonta\/gnocchi\/&#8221;][vc_column_text] Gnocchi Wenige und einfache Zutaten f\u00fcr eines der Produkte der italienischen Tradition.[\/vc_column_text][vc_single_image image=&#8221;4243&#8243; img_size=&#8221;full&#8221; onclick=&#8221;custom_link&#8221; link=&#8221;http:\/\/www.pastificiostroppa.it\/bio-bonta\/gnocchi-ripieni\/&#8221;][vc_column_text] Gnocchi ripieni K\u00f6stliche, nahrhafte, schmackhafte Kl\u00f6\u00dfe: ein Treffen von intensiven Aromen.[\/vc_column_text][\/vc_column][vc_column css_animation=&#8221;fadeInUp&#8221; width=&#8221;1\/4&#8243;][vc_single_image image=&#8221;4245&#8243; img_size=&#8221;full&#8221; onclick=&#8221;custom_link&#8221; link=&#8221;http:\/\/www.pastificiostroppa.it\/bio-bonta\/pasta-fresca&#8221;][vc_column_text] Pasta Fresca &hellip; <a href=\"https:\/\/www.pastificiostroppa.it\/de\/\" class=\"more-link\">Continue reading <span class=\"screen-reader-text\">Home<\/span><\/a><\/p>\n","protected":false},"author":1,"featured_media":0,"parent":0,"menu_order":0,"comment_status":"closed","ping_status":"closed","template":"","meta":{"footnotes":""},"class_list":["post-3001","page","type-page","status-publish","hentry"],"aioseo_notices":[],"_links":{"self":[{"href":"https:\/\/www.pastificiostroppa.it\/de\/wp-json\/wp\/v2\/pages\/3001","targetHints":{"allow":["GET"]}}],"collection":[{"href":"https:\/\/www.pastificiostroppa.it\/de\/wp-json\/wp\/v2\/pages"}],"about":[{"href":"https:\/\/www.pastificiostroppa.it\/de\/wp-json\/wp\/v2\/types\/page"}],"author":[{"embeddable":true,"href":"https:\/\/www.pastificiostroppa.it\/de\/wp-json\/wp\/v2\/users\/1"}],"replies":[{"embeddable":true,"href":"https:\/\/www.pastificiostroppa.it\/de\/wp-json\/wp\/v2\/comments?post=3001"}],"version-history":[{"count":66,"href":"https:\/\/www.pastificiostroppa.it\/de\/wp-json\/wp\/v2\/pages\/3001\/revisions"}],"predecessor-version":[{"id":5865,"href":"https:\/\/www.pastificiostroppa.it\/de\/wp-json\/wp\/v2\/pages\/3001\/revisions\/5865"}],"wp:attachment":[{"href":"https:\/\/www.pastificiostroppa.it\/de\/wp-json\/wp\/v2\/media?parent=3001"}],"curies":[{"name":"wp","href":"https:\/\/api.w.org\/{rel}","templated":true}]}}