{"id":2877,"date":"2018-03-26T17:05:31","date_gmt":"2018-03-26T15:05:31","guid":{"rendered":"http:\/\/www.pastificiostroppa.it\/de\/?page_id=2877"},"modified":"2020-04-08T12:03:59","modified_gmt":"2020-04-08T10:03:59","slug":"wer-wir-sind","status":"publish","type":"page","link":"https:\/\/www.pastificiostroppa.it\/de\/wer-wir-sind\/","title":{"rendered":"Wer wir sind"},"content":{"rendered":"<div class=\"wpb-content-wrapper\"><p>[vc_row][vc_column width=&#8221;1\/2&#8243;][vc_column_text]<\/p>\n<h4><span style=\"color: #faa147;\">Mit dem Willen, Nudeln und Produkte von garantierter Qualit\u00e4t herzustellen, was vorerst seit drei Generationen gew\u00e4hrleistet ist.<\/span><\/h4>\n<p>[\/vc_column_text][vc_single_image image=&#8221;4923&#8243; img_size=&#8221;full&#8221;][\/vc_column][vc_column width=&#8221;1\/2&#8243;][vc_text_separator title=&#8221;1968&#8243;][vc_column_text]Pastificio Stroppa wurde 1968, nach dem Willen von Vater und Sohn, frische Nudeln und Kl\u00f6\u00dfe von h\u00f6chster Qualit\u00e4t von Hand herzustellen, gegr\u00fcndet. Nur wenige Produkte wurden ad hoc von den erfahrenen Nudelherstellern hergestellt, mit begrenztem Aufbewahrungsfrist und Einzelhandelsverkauf ausschlie\u00dflich an bestimmte Gewerbebetriebe der Umgebung von Mailand.[\/vc_column_text][vc_text_separator title=&#8221;1980&#8243;][vc_column_text]1980 ist das Jahr des Ausscheidens des Gr\u00fcnders: Die Leitung des Unternehmens geht an seinen Sohn Angelo \u00fcber, der immer noch Gesch\u00e4ftsf\u00fchrer ist. Dar\u00fcber hinaus erweitert sich die Produktpalette von Pastificio Stroppa dank der industriellen Entwicklung und neuer Aufbewahrungsmethoden.[\/vc_column_text][vc_separator][vc_column_text]Weitere \u00dcbergabe von Angelo an seine Nachkommen Elisabetta, Annarita und Maurizio, die &#8211; in Fortsetzung der Tradition &#8211; die Leitung des Unternehmens \u00fcbernehmen und unter st\u00e4ndiger Beachtung der Nat\u00fcrlichkeit von Rohstoffen die T\u00e4tigkeit von Pastificio Stroppa zu einer f\u00fchrenden europ\u00e4ischen Firma f\u00fcr die Herstellung traditioneller italienischer Produkte machen.[\/vc_column_text][vc_text_separator title=&#8221;2002&#8243;][vc_column_text]2002 erh\u00e4lt Pastificio Stroppa die Zertifizierung f\u00fcr die Herstellung von Bio-Lebensmitteln und gewinnt neue Kunden sowohl auf italienischer als auch auf internationaler Ebene.[\/vc_column_text][vc_text_separator title=&#8221;2013&#8243;][vc_column_text]2013 ist das Jahr der Innovation: Dank des neuen Fimensitz k\u00f6nnen Cateringunternehmen, Betriebskantinen, Krankenhaus- und Schulrestauranten, Cash &amp; Carry und gro\u00dfe Einzelhandelsketten mit einem hervorragenden Preis- \/ Leistungsverh\u00e4ltnis sowohl unter der eigenen Marke als auch mit Handelsmarken versorgt werden.[\/vc_column_text][vc_text_separator title=&#8221;2020&#8243;][vc_column_text]Pastificio Stroppa erneuert sein Profil: Zwei neue Webportale, eines f\u00fcr die Bio-Linie und eines exklusiv f\u00fcr die institutionelle Identit\u00e4t, sie gelten als die starke Botschaft, die das Unternehmen in Bezug auf kontinuierliche Umgestaltung und Ber\u00fccksichtigung der Kundenbed\u00fcrfnisse vermitteln will.[\/vc_column_text][\/vc_column][\/vc_row][vc_row][vc_column][vc_column_text][\/vc_column_text][\/vc_column][\/vc_row]<\/p>\n<\/div>","protected":false},"excerpt":{"rendered":"<p>[vc_row][vc_column width=&#8221;1\/2&#8243;][vc_column_text] Mit dem Willen, Nudeln und Produkte von garantierter Qualit\u00e4t herzustellen, was vorerst seit drei Generationen gew\u00e4hrleistet ist. [\/vc_column_text][vc_single_image image=&#8221;4923&#8243; img_size=&#8221;full&#8221;][\/vc_column][vc_column width=&#8221;1\/2&#8243;][vc_text_separator title=&#8221;1968&#8243;][vc_column_text]Pastificio Stroppa wurde 1968, nach dem Willen von Vater und Sohn, frische Nudeln und Kl\u00f6\u00dfe von h\u00f6chster Qualit\u00e4t von Hand herzustellen, gegr\u00fcndet. Nur wenige Produkte wurden ad hoc von den erfahrenen Nudelherstellern &hellip; <a href=\"https:\/\/www.pastificiostroppa.it\/de\/wer-wir-sind\/\" class=\"more-link\">Continue reading <span class=\"screen-reader-text\">Wer wir sind<\/span><\/a><\/p>\n","protected":false},"author":1,"featured_media":0,"parent":0,"menu_order":1,"comment_status":"closed","ping_status":"closed","template":"","meta":{"footnotes":""},"class_list":["post-2877","page","type-page","status-publish","hentry"],"aioseo_notices":[],"_links":{"self":[{"href":"https:\/\/www.pastificiostroppa.it\/de\/wp-json\/wp\/v2\/pages\/2877","targetHints":{"allow":["GET"]}}],"collection":[{"href":"https:\/\/www.pastificiostroppa.it\/de\/wp-json\/wp\/v2\/pages"}],"about":[{"href":"https:\/\/www.pastificiostroppa.it\/de\/wp-json\/wp\/v2\/types\/page"}],"author":[{"embeddable":true,"href":"https:\/\/www.pastificiostroppa.it\/de\/wp-json\/wp\/v2\/users\/1"}],"replies":[{"embeddable":true,"href":"https:\/\/www.pastificiostroppa.it\/de\/wp-json\/wp\/v2\/comments?post=2877"}],"version-history":[{"count":7,"href":"https:\/\/www.pastificiostroppa.it\/de\/wp-json\/wp\/v2\/pages\/2877\/revisions"}],"predecessor-version":[{"id":4924,"href":"https:\/\/www.pastificiostroppa.it\/de\/wp-json\/wp\/v2\/pages\/2877\/revisions\/4924"}],"wp:attachment":[{"href":"https:\/\/www.pastificiostroppa.it\/de\/wp-json\/wp\/v2\/media?parent=2877"}],"curies":[{"name":"wp","href":"https:\/\/api.w.org\/{rel}","templated":true}]}}