{"id":2871,"date":"2018-03-26T17:07:18","date_gmt":"2018-03-26T15:07:18","guid":{"rendered":"http:\/\/www.pastificiostroppa.it\/de\/?page_id=2871"},"modified":"2024-01-09T09:03:08","modified_gmt":"2024-01-09T08:03:08","slug":"zertifizierungen","status":"publish","type":"page","link":"https:\/\/www.pastificiostroppa.it\/de\/zertifizierungen\/","title":{"rendered":"Zertifizierungen"},"content":{"rendered":"<div class=\"wpb-content-wrapper\"><p>[vc_row][vc_column width=&#8221;1\/2&#8243;][vc_column_text]<\/p>\n<blockquote><p><span style=\"color: #faa147;\">Die Produktlinie von Pastificio Stroppa wurde <strong>in \u00dcbereinstimmung mit den Regulierungs- und Qualit\u00e4tsstandards erstellt<\/strong>. Form, Konsistenz und Geschmack werden durch eine <strong>sorgf\u00e4ltige Auswahl der Zutaten<\/strong>, die unter Einhaltung der strengsten gesetzlichen Verarbeitungs- und Sicherheitsanforderungen in <strong>sicheren Umgebungen<\/strong> behandelt werden, garantiert.<\/span><\/p><\/blockquote>\n<p>[\/vc_column_text][\/vc_column][vc_column width=&#8221;1\/2&#8243;][\/vc_column][\/vc_row][vc_row][vc_column width=&#8221;1\/4&#8243;][vc_single_image image=&#8221;4274&#8243; img_size=&#8221;full&#8221; onclick=&#8221;custom_link&#8221; img_link_target=&#8221;_blank&#8221; link=&#8221;https:\/\/www.pastificiostroppa.it\/wp-content\/uploads\/2024\/01\/Pastificio-Stroppa-Certificato-BIO-009-Organic-2024.pdf&#8221;][vc_column_text css=&#8221;.vc_custom_1704787381522{padding-top: -10px !important;}&#8221;]<strong>Ccpb<\/strong><\/p>\n<p>Zertifizierte Produkte, die vom <strong>Landwirtschaftsministerium<\/strong> als biologisch anerkannt wurden.<\/p>\n<p><strong><a href=\"https:\/\/www.pastificiostroppa.it\/wp-content\/uploads\/2024\/01\/Pastificio-Stroppa-Certificato-BIO-009-Organic-2024.pdf\">Zertifikat herunterladen &gt;&gt;<\/a><\/strong>[\/vc_column_text][\/vc_column][vc_column width=&#8221;1\/4&#8243;][vc_single_image image=&#8221;4281&#8243; img_size=&#8221;full&#8221; onclick=&#8221;custom_link&#8221; img_link_target=&#8221;_blank&#8221; link=&#8221;https:\/\/www.pastificiostroppa.it\/wp-content\/uploads\/2024\/01\/Pastificio-Stroppa-Certificato-IFS-2024.pdf&#8221;][vc_column_text css=&#8221;.vc_custom_1704787351270{padding-top: -10px !important;}&#8221;]<strong>Ifs<\/strong><\/p>\n<p>Standard, der die effektive <strong>Auswahl der Lieferanten<\/strong> von Marken-Lebensmittel des organisierten Gro\u00dfvertriebs garantiert. Referenzmodell anerkannt sowohl in <strong>Europa<\/strong> als auch im <strong>Rest der Welt<\/strong>.<\/p>\n<p><a href=\"https:\/\/www.pastificiostroppa.it\/wp-content\/uploads\/2024\/01\/Pastificio-Stroppa-Certificato-IFS-2024.pdf\"><strong>Zertifikat herunterladen &gt;&gt;<\/strong><\/a>[\/vc_column_text][\/vc_column][vc_column width=&#8221;1\/4&#8243;][vc_single_image image=&#8221;4283&#8243; img_size=&#8221;full&#8221; onclick=&#8221;custom_link&#8221; img_link_target=&#8221;_blank&#8221; link=&#8221;http:\/\/www.celiachia.it\/home\/HomePage.aspx&#8221;][vc_column_text css=&#8221;.vc_custom_1651140888587{padding-top: -10px !important;}&#8221;]<strong>Gew\u00e4hrung der Glutenfrei-Symbol der Associazione Italiana Celiachia (die italienische Z\u00f6liakiegesellschaft)<\/strong><\/p>\n<p>Produkte geeignet f\u00fcr Z\u00f6liake mit einem <strong>Glutengehalt von weniger als 20 Teile pro Million<\/strong>.<\/p>\n<p><a href=\"http:\/\/www.celiachia.it\/home\/HomePage.aspx\"><strong>Wenn Sie hier<\/strong><\/a> oder auf das Logo klicken, k\u00f6nnen Sie alle lizenzierten Produkte der Marke Spiga Barrata direkt auf der AIC-Website sehen.<\/p>\n<p><a href=\"https:\/\/www.pastificiostroppa.it\/wp-content\/uploads\/2022\/04\/Ceritificato-AIC-1.pdf\"><strong>Laden Sie das Zertifikat der Marke Spiga Barrata hereunter\u00a0 &gt;&gt;<\/strong><\/a>[\/vc_column_text][\/vc_column][vc_column width=&#8221;1\/4&#8243;][vc_single_image image=&#8221;4284&#8243; img_size=&#8221;full&#8221;][vc_column_text css=&#8221;.vc_custom_1585666940763{padding-top: -10px !important;}&#8221;]<strong>Ministerielle Genehmigung f\u00fcr glutenfreie Produkte<\/strong><\/p>\n<p><strong>Produkte geeignet f\u00fcr Z\u00f6liake<\/strong> und verf\u00fcgbare vom nationalem Gesundheitsdienst Italienischem.[\/vc_column_text][\/vc_column][\/vc_row][vc_row][vc_column width=&#8221;1\/4&#8243;][vc_single_image image=&#8221;4285&#8243; img_size=&#8221;full&#8221; onclick=&#8221;custom_link&#8221; img_link_target=&#8221;_blank&#8221; link=&#8221;https:\/\/www.pastificiostroppa.it\/wp-content\/uploads\/2024\/01\/Pastificio-Stroppa-Certificato-Vegan-2024.pdf&#8221;][vc_column_text css=&#8221;.vc_custom_1704787315887{padding-top: -10px !important;}&#8221;]<strong>Vegan<\/strong><\/p>\n<p>Produkte ohne <strong>Inhaltsstoffe und Derivate tierischen Ursprungs<\/strong>.<\/p>\n<p><a href=\"https:\/\/www.pastificiostroppa.it\/wp-content\/uploads\/2024\/01\/Pastificio-Stroppa-Certificato-Vegan-2024.pdf\"><strong>Zertifikat herunterladen &gt;&gt;<\/strong><\/a>[\/vc_column_text][\/vc_column][vc_column width=&#8221;1\/4&#8243;][vc_single_image image=&#8221;5945&#8243; img_size=&#8221;full&#8221; onclick=&#8221;custom_link&#8221; img_link_target=&#8221;_blank&#8221; link=&#8221;https:\/\/www.pastificiostroppa.it\/wp-content\/uploads\/2023\/05\/Modello-Organizzativo-231-Stroppa.pdf&#8221;][vc_column_text css=&#8221;.vc_custom_1684476768596{padding-top: -10px !important;}&#8221;]<strong>Mod. 231<\/strong><\/p>\n<p class=\"p1\"><a href=\"https:\/\/www.pastificiostroppa.it\/wp-content\/uploads\/2023\/05\/Modello-Organizzativo-231-Stroppa.pdf\"><strong>Mod herunterladen. 231 &gt;&gt;<\/strong><\/a><\/p>\n<p>[\/vc_column_text][\/vc_column][vc_column width=&#8221;1\/4&#8243;][\/vc_column][vc_column width=&#8221;1\/4&#8243;][\/vc_column][\/vc_row]<\/p>\n<\/div>","protected":false},"excerpt":{"rendered":"<p>[vc_row][vc_column width=&#8221;1\/2&#8243;][vc_column_text] Die Produktlinie von Pastificio Stroppa wurde in \u00dcbereinstimmung mit den Regulierungs- und Qualit\u00e4tsstandards erstellt. Form, Konsistenz und Geschmack werden durch eine sorgf\u00e4ltige Auswahl der Zutaten, die unter Einhaltung der strengsten gesetzlichen Verarbeitungs- und Sicherheitsanforderungen in sicheren Umgebungen behandelt werden, garantiert. [\/vc_column_text][\/vc_column][vc_column width=&#8221;1\/2&#8243;][\/vc_column][\/vc_row][vc_row][vc_column width=&#8221;1\/4&#8243;][vc_single_image image=&#8221;4274&#8243; img_size=&#8221;full&#8221; onclick=&#8221;custom_link&#8221; img_link_target=&#8221;_blank&#8221; link=&#8221;https:\/\/www.pastificiostroppa.it\/wp-content\/uploads\/2024\/01\/Pastificio-Stroppa-Certificato-BIO-009-Organic-2024.pdf&#8221;][vc_column_text css=&#8221;.vc_custom_1704787381522{padding-top: -10px !important;}&#8221;]Ccpb Zertifizierte Produkte, &hellip; <a href=\"https:\/\/www.pastificiostroppa.it\/de\/zertifizierungen\/\" class=\"more-link\">Continue reading <span class=\"screen-reader-text\">Zertifizierungen<\/span><\/a><\/p>\n","protected":false},"author":1,"featured_media":0,"parent":0,"menu_order":2,"comment_status":"closed","ping_status":"closed","template":"","meta":{"footnotes":""},"class_list":["post-2871","page","type-page","status-publish","hentry"],"aioseo_notices":[],"_links":{"self":[{"href":"https:\/\/www.pastificiostroppa.it\/de\/wp-json\/wp\/v2\/pages\/2871","targetHints":{"allow":["GET"]}}],"collection":[{"href":"https:\/\/www.pastificiostroppa.it\/de\/wp-json\/wp\/v2\/pages"}],"about":[{"href":"https:\/\/www.pastificiostroppa.it\/de\/wp-json\/wp\/v2\/types\/page"}],"author":[{"embeddable":true,"href":"https:\/\/www.pastificiostroppa.it\/de\/wp-json\/wp\/v2\/users\/1"}],"replies":[{"embeddable":true,"href":"https:\/\/www.pastificiostroppa.it\/de\/wp-json\/wp\/v2\/comments?post=2871"}],"version-history":[{"count":14,"href":"https:\/\/www.pastificiostroppa.it\/de\/wp-json\/wp\/v2\/pages\/2871\/revisions"}],"predecessor-version":[{"id":5987,"href":"https:\/\/www.pastificiostroppa.it\/de\/wp-json\/wp\/v2\/pages\/2871\/revisions\/5987"}],"wp:attachment":[{"href":"https:\/\/www.pastificiostroppa.it\/de\/wp-json\/wp\/v2\/media?parent=2871"}],"curies":[{"name":"wp","href":"https:\/\/api.w.org\/{rel}","templated":true}]}}