{"id":2839,"date":"2018-04-06T15:51:34","date_gmt":"2018-04-06T13:51:34","guid":{"rendered":"http:\/\/www.pastificiostroppa.it\/de\/?page_id=2839"},"modified":"2020-12-21T17:22:35","modified_gmt":"2020-12-21T16:22:35","slug":"pasta-fresca","status":"publish","type":"page","link":"https:\/\/www.pastificiostroppa.it\/de\/pastificio-stroppa-linie\/pasta-fresca\/","title":{"rendered":"Pasta fresca"},"content":{"rendered":"<div class=\"wpb-content-wrapper\"><p>[vc_row][vc_column][tbay_title_heading title=&#8221;Pasta fresca&#8221; descript=&#8221;Pastificio Stroppa&#8221; align=&#8221;center&#8221;][\/vc_column][\/vc_row][vc_row][vc_column width=&#8221;1\/2&#8243;][vc_single_image image=&#8221;4635&#8243; img_size=&#8221;full&#8221; css_animation=&#8221;fadeInLeft&#8221;][\/vc_column][vc_column width=&#8221;1\/2&#8243;][vc_column_text]<\/p>\n<blockquote><p>Klassiker der italienischen Gastronomie in verschiedenen Formaten.<\/p><\/blockquote>\n<p>[\/vc_column_text][vc_tta_tour][vc_tta_section title=&#8221;Orecchiette&#8221; tab_id=&#8221;1522688601935-8951f683-a5b2&#8243;][vc_column_text]Typisches italienisches Nudelformat aus der Region Apulien, zubereitet mit der gleichen Leidenschaft der alten Traditionen.[\/vc_column_text][vc_single_image image=&#8221;5571&#8243; img_size=&#8221;full&#8221; css_animation=&#8221;top-to-bottom&#8221;][\/vc_tta_section][vc_tta_section title=&#8221;Trofie&#8221; tab_id=&#8221;1522688601936-8a512abb-2013&#8243;][vc_column_text]Mit der l\u00e4nglichen und d\u00fcnnen Form, typische Nudel der Region Ligurien, bestehend aus Wasser und Hartweizenmehl.[\/vc_column_text][vc_single_image image=&#8221;5574&#8243; img_size=&#8221;full&#8221; css_animation=&#8221;top-to-bottom&#8221;][\/vc_tta_section][vc_tta_section title=&#8221;Foglie d&#8217;ulivo&#8221; tab_id=&#8221;1523022899259-dc7fa829-2a2e&#8221;][vc_column_text]Wie hausgemacht, eine Nudel mit einer unwiderstehlichen Form, die das Gew\u00fcrz umschlie\u00dft und h\u00e4lt und dadurch ein einzigartiges Gericht hervorbringt.[\/vc_column_text][vc_single_image image=&#8221;5578&#8243; img_size=&#8221;full&#8221;][\/vc_tta_section][vc_tta_section title=&#8221;Cavatelli&#8221; tab_id=&#8221;1584028047767-937d26c0-a628&#8243;][vc_column_text]Eine frische Nudelform, die von der Region Molise stammt, in den ganzen S\u00fcditalien vorkommt und sich f\u00fcr verschiedenen Gew\u00fcrzen eignet.[\/vc_column_text][vc_single_image image=&#8221;5581&#8243; img_size=&#8221;full&#8221; css_animation=&#8221;top-to-bottom&#8221;][\/vc_tta_section][vc_tta_section title=&#8221;Paccheri&#8221; tab_id=&#8221;1584028046406-b0920143-bc9e&#8221;][vc_column_text]Typische kampanische Nudeln, die traditionell oder gef\u00fcllt zubereitet werden.[\/vc_column_text][vc_single_image image=&#8221;5584&#8243; img_size=&#8221;full&#8221; css_animation=&#8221;top-to-bottom&#8221;][\/vc_tta_section][vc_tta_section title=&#8221;Strozzapreti&#8221; tab_id=&#8221;1581089350609-53e5a521-2658&#8243;][vc_column_text]Eine alte Art kurzer Pasta, die typisch f\u00fcr Mittelitalien und die Romagna ist und aus kleinen l\u00e4nglichen R\u00f6hrennudelsorten besteht.[\/vc_column_text][vc_single_image image=&#8221;5587&#8243; img_size=&#8221;full&#8221; css_animation=&#8221;top-to-bottom&#8221;][\/vc_tta_section][vc_tta_section title=&#8221;Spaghetti alla chitarra&#8221; tab_id=&#8221;1606389815330-e767af7b-3dfc&#8221;][vc_column_text]Geeignet zum Ansammeln von verschiedenen W\u00fcrzmittelarten. Die Scialatielli und Troccoli sind auch in der Variante mit Ei erh\u00e4ltlich.[\/vc_column_text][vc_single_image image=&#8221;5590&#8243; img_size=&#8221;full&#8221; css_animation=&#8221;top-to-bottom&#8221;][\/vc_tta_section][\/vc_tta_tour][\/vc_column][\/vc_row]<\/p>\n<\/div>","protected":false},"excerpt":{"rendered":"<p>[vc_row][vc_column][tbay_title_heading title=&#8221;Pasta fresca&#8221; descript=&#8221;Pastificio Stroppa&#8221; align=&#8221;center&#8221;][\/vc_column][\/vc_row][vc_row][vc_column width=&#8221;1\/2&#8243;][vc_single_image image=&#8221;4635&#8243; img_size=&#8221;full&#8221; css_animation=&#8221;fadeInLeft&#8221;][\/vc_column][vc_column width=&#8221;1\/2&#8243;][vc_column_text] Klassiker der italienischen Gastronomie in verschiedenen Formaten. [\/vc_column_text][vc_tta_tour][vc_tta_section title=&#8221;Orecchiette&#8221; tab_id=&#8221;1522688601935-8951f683-a5b2&#8243;][vc_column_text]Typisches italienisches Nudelformat aus der Region Apulien, zubereitet mit der gleichen Leidenschaft der alten Traditionen.[\/vc_column_text][vc_single_image image=&#8221;5571&#8243; img_size=&#8221;full&#8221; css_animation=&#8221;top-to-bottom&#8221;][\/vc_tta_section][vc_tta_section title=&#8221;Trofie&#8221; tab_id=&#8221;1522688601936-8a512abb-2013&#8243;][vc_column_text]Mit der l\u00e4nglichen und d\u00fcnnen Form, typische Nudel der Region Ligurien, bestehend aus Wasser und Hartweizenmehl.[\/vc_column_text][vc_single_image &hellip; <a href=\"https:\/\/www.pastificiostroppa.it\/de\/pastificio-stroppa-linie\/pasta-fresca\/\" class=\"more-link\">Continue reading <span class=\"screen-reader-text\">Pasta fresca<\/span><\/a><\/p>\n","protected":false},"author":1,"featured_media":0,"parent":2815,"menu_order":2,"comment_status":"closed","ping_status":"closed","template":"","meta":{"footnotes":""},"class_list":["post-2839","page","type-page","status-publish","hentry"],"aioseo_notices":[],"_links":{"self":[{"href":"https:\/\/www.pastificiostroppa.it\/de\/wp-json\/wp\/v2\/pages\/2839","targetHints":{"allow":["GET"]}}],"collection":[{"href":"https:\/\/www.pastificiostroppa.it\/de\/wp-json\/wp\/v2\/pages"}],"about":[{"href":"https:\/\/www.pastificiostroppa.it\/de\/wp-json\/wp\/v2\/types\/page"}],"author":[{"embeddable":true,"href":"https:\/\/www.pastificiostroppa.it\/de\/wp-json\/wp\/v2\/users\/1"}],"replies":[{"embeddable":true,"href":"https:\/\/www.pastificiostroppa.it\/de\/wp-json\/wp\/v2\/comments?post=2839"}],"version-history":[{"count":14,"href":"https:\/\/www.pastificiostroppa.it\/de\/wp-json\/wp\/v2\/pages\/2839\/revisions"}],"predecessor-version":[{"id":5780,"href":"https:\/\/www.pastificiostroppa.it\/de\/wp-json\/wp\/v2\/pages\/2839\/revisions\/5780"}],"up":[{"embeddable":true,"href":"https:\/\/www.pastificiostroppa.it\/de\/wp-json\/wp\/v2\/pages\/2815"}],"wp:attachment":[{"href":"https:\/\/www.pastificiostroppa.it\/de\/wp-json\/wp\/v2\/media?parent=2839"}],"curies":[{"name":"wp","href":"https:\/\/api.w.org\/{rel}","templated":true}]}}