{"id":2833,"date":"2018-04-06T15:28:45","date_gmt":"2018-04-06T13:28:45","guid":{"rendered":"http:\/\/www.pastificiostroppa.it\/de\/?page_id=2833"},"modified":"2022-10-28T10:39:24","modified_gmt":"2022-10-28T08:39:24","slug":"gnocchi-ripieni","status":"publish","type":"page","link":"https:\/\/www.pastificiostroppa.it\/de\/pastificio-stroppa-linie\/gnocchi-ripieni\/","title":{"rendered":"Gnocchi ripieni"},"content":{"rendered":"<div class=\"wpb-content-wrapper\"><p>[vc_row][vc_column][tbay_title_heading title=&#8221;Gnocchi ripieni&#8221; descript=&#8221;Pastificio Stroppa&#8221; align=&#8221;center&#8221;][\/vc_column][\/vc_row][vc_row][vc_column width=&#8221;1\/2&#8243;][vc_single_image image=&#8221;4633&#8243; img_size=&#8221;full&#8221; css_animation=&#8221;fadeInLeft&#8221;][\/vc_column][vc_column width=&#8221;1\/2&#8243;][vc_column_text]<\/p>\n<blockquote><p>K\u00f6stliche, nahrhafte, schmackhafte Kl\u00f6\u00dfe: ein Treffen von intensiven Aromen.<\/p><\/blockquote>\n<p>[\/vc_column_text][vc_tta_tour][vc_tta_section title=&#8221;Gnocchi ai formaggi&#8221; tab_id=&#8221;1522688601935-8951f683-a5b2&#8243;][vc_column_text]Mit einer weichen Konsistenz haben sie dank der Auswahl der besten K\u00e4sesorten einen einzigartigen Geschmack.[\/vc_column_text][vc_single_image image=&#8221;5554&#8243; img_size=&#8221;full&#8221; css_animation=&#8221;top-to-bottom&#8221;][\/vc_tta_section][vc_tta_section title=&#8221;Gnocchi al tartufo&#8221; tab_id=&#8221;1522688601936-8a512abb-2013&#8243;][vc_column_text]Ein unwiderstehlicher Geschmackskern, der aus einer unverwechselbaren Zutat mit raffiniertem Aroma besteht: dem Tr\u00fcffel.[\/vc_column_text][vc_single_image image=&#8221;5555&#8243; img_size=&#8221;full&#8221; css_animation=&#8221;top-to-bottom&#8221;][\/vc_tta_section][vc_tta_section title=&#8221;Gnocchi ai funghi porcini&#8221; tab_id=&#8221;1584020427242-c449360e-e960&#8243;][vc_column_text]Die Pilze machen die F\u00fcllung zu einer Tasche mit vollmundigem Geschmack, die am Gaumen unvergesslich ist.[\/vc_column_text][vc_single_image image=&#8221;5658&#8243; img_size=&#8221;full&#8221; css_animation=&#8221;top-to-bottom&#8221;][\/vc_tta_section][vc_tta_section title=&#8221;Polentine al Gorgonzola DOP&#8221; tab_id=&#8221;1666946307515-a7d07595-3051&#8243;][vc_column_text]<\/p>\n<p class=\"p1\">Ein einzigartiger und besonderer Geschmack, f\u00fcr eine F\u00fcllung, die einen schmackhaften und appetitlichen Kern bewahrt, eine perfekte Kombination von Aromen ideal f\u00fcr Ihre Aperitifs.<\/p>\n<p>[\/vc_column_text][vc_single_image image=&#8221;5935&#8243; img_size=&#8221;full&#8221;][\/vc_tta_section][\/vc_tta_tour][\/vc_column][\/vc_row]<\/p>\n<\/div>","protected":false},"excerpt":{"rendered":"<p>[vc_row][vc_column][tbay_title_heading title=&#8221;Gnocchi ripieni&#8221; descript=&#8221;Pastificio Stroppa&#8221; align=&#8221;center&#8221;][\/vc_column][\/vc_row][vc_row][vc_column width=&#8221;1\/2&#8243;][vc_single_image image=&#8221;4633&#8243; img_size=&#8221;full&#8221; css_animation=&#8221;fadeInLeft&#8221;][\/vc_column][vc_column width=&#8221;1\/2&#8243;][vc_column_text] K\u00f6stliche, nahrhafte, schmackhafte Kl\u00f6\u00dfe: ein Treffen von intensiven Aromen. [\/vc_column_text][vc_tta_tour][vc_tta_section title=&#8221;Gnocchi ai formaggi&#8221; tab_id=&#8221;1522688601935-8951f683-a5b2&#8243;][vc_column_text]Mit einer weichen Konsistenz haben sie dank der Auswahl der besten K\u00e4sesorten einen einzigartigen Geschmack.[\/vc_column_text][vc_single_image image=&#8221;5554&#8243; img_size=&#8221;full&#8221; css_animation=&#8221;top-to-bottom&#8221;][\/vc_tta_section][vc_tta_section title=&#8221;Gnocchi al tartufo&#8221; tab_id=&#8221;1522688601936-8a512abb-2013&#8243;][vc_column_text]Ein unwiderstehlicher Geschmackskern, der aus einer unverwechselbaren Zutat mit raffiniertem &hellip; <a href=\"https:\/\/www.pastificiostroppa.it\/de\/pastificio-stroppa-linie\/gnocchi-ripieni\/\" class=\"more-link\">Continue reading <span class=\"screen-reader-text\">Gnocchi ripieni<\/span><\/a><\/p>\n","protected":false},"author":1,"featured_media":0,"parent":2815,"menu_order":1,"comment_status":"closed","ping_status":"closed","template":"","meta":{"footnotes":""},"class_list":["post-2833","page","type-page","status-publish","hentry"],"aioseo_notices":[],"_links":{"self":[{"href":"https:\/\/www.pastificiostroppa.it\/de\/wp-json\/wp\/v2\/pages\/2833","targetHints":{"allow":["GET"]}}],"collection":[{"href":"https:\/\/www.pastificiostroppa.it\/de\/wp-json\/wp\/v2\/pages"}],"about":[{"href":"https:\/\/www.pastificiostroppa.it\/de\/wp-json\/wp\/v2\/types\/page"}],"author":[{"embeddable":true,"href":"https:\/\/www.pastificiostroppa.it\/de\/wp-json\/wp\/v2\/users\/1"}],"replies":[{"embeddable":true,"href":"https:\/\/www.pastificiostroppa.it\/de\/wp-json\/wp\/v2\/comments?post=2833"}],"version-history":[{"count":9,"href":"https:\/\/www.pastificiostroppa.it\/de\/wp-json\/wp\/v2\/pages\/2833\/revisions"}],"predecessor-version":[{"id":5936,"href":"https:\/\/www.pastificiostroppa.it\/de\/wp-json\/wp\/v2\/pages\/2833\/revisions\/5936"}],"up":[{"embeddable":true,"href":"https:\/\/www.pastificiostroppa.it\/de\/wp-json\/wp\/v2\/pages\/2815"}],"wp:attachment":[{"href":"https:\/\/www.pastificiostroppa.it\/de\/wp-json\/wp\/v2\/media?parent=2833"}],"curies":[{"name":"wp","href":"https:\/\/api.w.org\/{rel}","templated":true}]}}