{"id":2827,"date":"2018-04-02T18:05:21","date_gmt":"2018-04-02T16:05:21","guid":{"rendered":"http:\/\/www.pastificiostroppa.it\/de\/?page_id=2827"},"modified":"2022-10-28T10:38:28","modified_gmt":"2022-10-28T08:38:28","slug":"gnocchi","status":"publish","type":"page","link":"https:\/\/www.pastificiostroppa.it\/de\/pastificio-stroppa-linie\/gnocchi\/","title":{"rendered":"Gnocchi"},"content":{"rendered":"<div class=\"wpb-content-wrapper\"><p>[vc_row][vc_column][tbay_title_heading title=&#8221;Gnocchi&#8221; descript=&#8221;Pastificio Stroppa&#8221; align=&#8221;center&#8221;][\/vc_column][\/vc_row][vc_row][vc_column width=&#8221;1\/2&#8243;][vc_single_image image=&#8221;4631&#8243; img_size=&#8221;full&#8221; css_animation=&#8221;fadeInLeft&#8221;][\/vc_column][vc_column width=&#8221;1\/2&#8243;][vc_column_text]<\/p>\n<blockquote><p>Wenige und einfache Zutaten f\u00fcr eines der Produkte der italienischen Tradition.<\/p><\/blockquote>\n<p>[\/vc_column_text][vc_tta_tour][vc_tta_section title=&#8221;Gnocchi di patate&#8221; tab_id=&#8221;1522688601935-8951f683-a5b2&#8243;][vc_column_text]Weiche Kl\u00f6\u00dfe, zubereitet mit einer Mischung aus Kartoffeln. K\u00f6stlich und mit einem zarten Geschmack, sie sind ideal f\u00fcr einfache und schnelle Gerichte.[\/vc_column_text][vc_single_image image=&#8221;5541&#8243; img_size=&#8221;full&#8221; css_animation=&#8221;top-to-bottom&#8221;][\/vc_tta_section][vc_tta_section title=&#8221;Gnocchetti di patate&#8221; tab_id=&#8221;1522688601936-8a512abb-2013&#8243;][vc_column_text]Kleine, aber voller Geschmack, sind sie ideal, um fantasievolle Gerichte f\u00fcr Kinder zu schaffen.[\/vc_column_text][vc_single_image image=&#8221;5540&#8243; img_size=&#8221;full&#8221; css_animation=&#8221;top-to-bottom&#8221;][\/vc_tta_section][\/vc_tta_tour][\/vc_column][\/vc_row]<\/p>\n<\/div>","protected":false},"excerpt":{"rendered":"<p>[vc_row][vc_column][tbay_title_heading title=&#8221;Gnocchi&#8221; descript=&#8221;Pastificio Stroppa&#8221; align=&#8221;center&#8221;][\/vc_column][\/vc_row][vc_row][vc_column width=&#8221;1\/2&#8243;][vc_single_image image=&#8221;4631&#8243; img_size=&#8221;full&#8221; css_animation=&#8221;fadeInLeft&#8221;][\/vc_column][vc_column width=&#8221;1\/2&#8243;][vc_column_text] Wenige und einfache Zutaten f\u00fcr eines der Produkte der italienischen Tradition. [\/vc_column_text][vc_tta_tour][vc_tta_section title=&#8221;Gnocchi di patate&#8221; tab_id=&#8221;1522688601935-8951f683-a5b2&#8243;][vc_column_text]Weiche Kl\u00f6\u00dfe, zubereitet mit einer Mischung aus Kartoffeln. K\u00f6stlich und mit einem zarten Geschmack, sie sind ideal f\u00fcr einfache und schnelle Gerichte.[\/vc_column_text][vc_single_image image=&#8221;5541&#8243; img_size=&#8221;full&#8221; css_animation=&#8221;top-to-bottom&#8221;][\/vc_tta_section][vc_tta_section title=&#8221;Gnocchetti di patate&#8221; tab_id=&#8221;1522688601936-8a512abb-2013&#8243;][vc_column_text]Kleine, aber &hellip; <a href=\"https:\/\/www.pastificiostroppa.it\/de\/pastificio-stroppa-linie\/gnocchi\/\" class=\"more-link\">Continue reading <span class=\"screen-reader-text\">Gnocchi<\/span><\/a><\/p>\n","protected":false},"author":1,"featured_media":0,"parent":2815,"menu_order":0,"comment_status":"closed","ping_status":"closed","template":"","meta":{"footnotes":""},"class_list":["post-2827","page","type-page","status-publish","hentry"],"aioseo_notices":[],"_links":{"self":[{"href":"https:\/\/www.pastificiostroppa.it\/de\/wp-json\/wp\/v2\/pages\/2827","targetHints":{"allow":["GET"]}}],"collection":[{"href":"https:\/\/www.pastificiostroppa.it\/de\/wp-json\/wp\/v2\/pages"}],"about":[{"href":"https:\/\/www.pastificiostroppa.it\/de\/wp-json\/wp\/v2\/types\/page"}],"author":[{"embeddable":true,"href":"https:\/\/www.pastificiostroppa.it\/de\/wp-json\/wp\/v2\/users\/1"}],"replies":[{"embeddable":true,"href":"https:\/\/www.pastificiostroppa.it\/de\/wp-json\/wp\/v2\/comments?post=2827"}],"version-history":[{"count":8,"href":"https:\/\/www.pastificiostroppa.it\/de\/wp-json\/wp\/v2\/pages\/2827\/revisions"}],"predecessor-version":[{"id":5934,"href":"https:\/\/www.pastificiostroppa.it\/de\/wp-json\/wp\/v2\/pages\/2827\/revisions\/5934"}],"up":[{"embeddable":true,"href":"https:\/\/www.pastificiostroppa.it\/de\/wp-json\/wp\/v2\/pages\/2815"}],"wp:attachment":[{"href":"https:\/\/www.pastificiostroppa.it\/de\/wp-json\/wp\/v2\/media?parent=2827"}],"curies":[{"name":"wp","href":"https:\/\/api.w.org\/{rel}","templated":true}]}}