{"id":2815,"date":"2018-03-26T17:08:21","date_gmt":"2018-03-26T15:08:21","guid":{"rendered":"http:\/\/www.pastificiostroppa.it\/de\/?page_id=2815"},"modified":"2020-12-01T17:33:59","modified_gmt":"2020-12-01T16:33:59","slug":"pastificio-stroppa-linie","status":"publish","type":"page","link":"https:\/\/www.pastificiostroppa.it\/de\/pastificio-stroppa-linie\/","title":{"rendered":"Pastificio Stroppa-Linie"},"content":{"rendered":"<div class=\"wpb-content-wrapper\"><p>[vc_row][vc_column width=&#8221;1\/2&#8243;][vc_column_text]<\/p>\n<blockquote><p>Jedes einzelne St\u00fcck wird mit der <strong>Sorgfalt<\/strong>\u00a0und\u00a0<strong>Leidenschaft<\/strong>\u00a0geschaffen, die uns schon immer auszeichnen und mit denen wir unsere Produkte in\u00a0 die europ\u00e4ische H\u00e4user bef\u00f6rdern, um die\u00a0<strong>Magie des Tisches, der Familie, des guten Essens zur\u00fcckzubringen<\/strong><strong>.<\/strong><\/p><\/blockquote>\n<p>[\/vc_column_text][\/vc_column][vc_column width=&#8221;1\/2&#8243;][\/vc_column][\/vc_row][vc_row][vc_column width=&#8221;1\/4&#8243;][vc_single_image image=&#8221;5428&#8243; img_size=&#8221;full&#8221; onclick=&#8221;custom_link&#8221; link=&#8221;http:\/\/www.pastificiostroppa.it\/de\/pastificio-stroppa-linie\/gnocchi\/&#8221;][\/vc_column][vc_column width=&#8221;1\/4&#8243;][vc_single_image image=&#8221;5429&#8243; img_size=&#8221;full&#8221; onclick=&#8221;custom_link&#8221; link=&#8221;http:\/\/www.pastificiostroppa.it\/de\/pastificio-stroppa-linie\/gnocchi-ripieni\/&#8221;][\/vc_column][vc_column width=&#8221;1\/4&#8243;][vc_single_image image=&#8221;5432&#8243; img_size=&#8221;full&#8221; onclick=&#8221;custom_link&#8221; link=&#8221;http:\/\/www.pastificiostroppa.it\/de\/pastificio-stroppa-linie\/pasta-fresca\/&#8221;][\/vc_column][vc_column width=&#8221;1\/4&#8243;][vc_single_image image=&#8221;5433&#8243; img_size=&#8221;full&#8221; onclick=&#8221;custom_link&#8221; link=&#8221;http:\/\/www.pastificiostroppa.it\/de\/pastificio-stroppa-linie\/pasta-fresca-alluovo\/&#8221;][\/vc_column][\/vc_row][vc_row][vc_column width=&#8221;1\/4&#8243;][vc_single_image image=&#8221;5425&#8243; img_size=&#8221;full&#8221; onclick=&#8221;custom_link&#8221; css=&#8221;.vc_custom_1606820253752{margin-top: 20px !important;}&#8221; link=&#8221;http:\/\/www.pastificiostroppa.it\/de\/pastificio-stroppa-linie\/pasta-ripiena\/&#8221;][\/vc_column][vc_column width=&#8221;1\/4&#8243;][vc_single_image image=&#8221;5430&#8243; img_size=&#8221;full&#8221; onclick=&#8221;custom_link&#8221; css=&#8221;.vc_custom_1606820267787{margin-top: 20px !important;}&#8221; link=&#8221;http:\/\/www.pastificiostroppa.it\/de\/pastificio-stroppa-linie\/ambient\/&#8221;][\/vc_column][vc_column width=&#8221;1\/4&#8243;][vc_single_image image=&#8221;5437&#8243; img_size=&#8221;full&#8221; onclick=&#8221;custom_link&#8221; css=&#8221;.vc_custom_1606820281497{margin-top: 20px !important;}&#8221; link=&#8221;http:\/\/www.pastificiostroppa.it\/de\/pastificio-stroppa-linie\/gluten-free\/&#8221;][\/vc_column][vc_column width=&#8221;1\/4&#8243;][\/vc_column][\/vc_row]<\/p>\n<\/div>","protected":false},"excerpt":{"rendered":"<p>[vc_row][vc_column width=&#8221;1\/2&#8243;][vc_column_text] Jedes einzelne St\u00fcck wird mit der Sorgfalt\u00a0und\u00a0Leidenschaft\u00a0geschaffen, die uns schon immer auszeichnen und mit denen wir unsere Produkte in\u00a0 die europ\u00e4ische H\u00e4user bef\u00f6rdern, um die\u00a0Magie des Tisches, der Familie, des guten Essens zur\u00fcckzubringen. [\/vc_column_text][\/vc_column][vc_column width=&#8221;1\/2&#8243;][\/vc_column][\/vc_row][vc_row][vc_column width=&#8221;1\/4&#8243;][vc_single_image image=&#8221;5428&#8243; img_size=&#8221;full&#8221; onclick=&#8221;custom_link&#8221; link=&#8221;http:\/\/www.pastificiostroppa.it\/de\/pastificio-stroppa-linie\/gnocchi\/&#8221;][\/vc_column][vc_column width=&#8221;1\/4&#8243;][vc_single_image image=&#8221;5429&#8243; img_size=&#8221;full&#8221; onclick=&#8221;custom_link&#8221; link=&#8221;http:\/\/www.pastificiostroppa.it\/de\/pastificio-stroppa-linie\/gnocchi-ripieni\/&#8221;][\/vc_column][vc_column width=&#8221;1\/4&#8243;][vc_single_image image=&#8221;5432&#8243; img_size=&#8221;full&#8221; onclick=&#8221;custom_link&#8221; link=&#8221;http:\/\/www.pastificiostroppa.it\/de\/pastificio-stroppa-linie\/pasta-fresca\/&#8221;][\/vc_column][vc_column width=&#8221;1\/4&#8243;][vc_single_image image=&#8221;5433&#8243; img_size=&#8221;full&#8221; &hellip; <a href=\"https:\/\/www.pastificiostroppa.it\/de\/pastificio-stroppa-linie\/\" class=\"more-link\">Continue reading <span class=\"screen-reader-text\">Pastificio Stroppa-Linie<\/span><\/a><\/p>\n","protected":false},"author":1,"featured_media":0,"parent":0,"menu_order":3,"comment_status":"closed","ping_status":"closed","template":"","meta":{"footnotes":""},"class_list":["post-2815","page","type-page","status-publish","hentry"],"aioseo_notices":[],"_links":{"self":[{"href":"https:\/\/www.pastificiostroppa.it\/de\/wp-json\/wp\/v2\/pages\/2815","targetHints":{"allow":["GET"]}}],"collection":[{"href":"https:\/\/www.pastificiostroppa.it\/de\/wp-json\/wp\/v2\/pages"}],"about":[{"href":"https:\/\/www.pastificiostroppa.it\/de\/wp-json\/wp\/v2\/types\/page"}],"author":[{"embeddable":true,"href":"https:\/\/www.pastificiostroppa.it\/de\/wp-json\/wp\/v2\/users\/1"}],"replies":[{"embeddable":true,"href":"https:\/\/www.pastificiostroppa.it\/de\/wp-json\/wp\/v2\/comments?post=2815"}],"version-history":[{"count":8,"href":"https:\/\/www.pastificiostroppa.it\/de\/wp-json\/wp\/v2\/pages\/2815\/revisions"}],"predecessor-version":[{"id":5496,"href":"https:\/\/www.pastificiostroppa.it\/de\/wp-json\/wp\/v2\/pages\/2815\/revisions\/5496"}],"wp:attachment":[{"href":"https:\/\/www.pastificiostroppa.it\/de\/wp-json\/wp\/v2\/media?parent=2815"}],"curies":[{"name":"wp","href":"https:\/\/api.w.org\/{rel}","templated":true}]}}